{"id":8342,"date":"2025-11-22T14:56:05","date_gmt":"2025-11-22T14:56:05","guid":{"rendered":"https:\/\/natation.ch\/product\/powerfins-pro-ii\/"},"modified":"2025-11-22T14:56:05","modified_gmt":"2025-11-22T14:56:05","slug":"powerfins-pro-ii","status":"publish","type":"product","link":"https:\/\/natation.ch\/fr\/produit\/powerfins-pro-ii\/","title":{"rendered":"powerfins pro II"},"content":{"rendered":"<p>Ce sont les palmes que tous les nageurs professionnels attendaient. Leur design innovant pr\u00e9sente une surface inclin\u00e9e et des fentes hydrodynamiques sur le dessus pour te permettre de nager avec un battement de jambes plus rapide et un meilleur contr\u00f4le. Le talon ouvert assure la meilleure flexibilit\u00e9 possible de la cheville, permettant un mouvement ascendant plus rapide et un battement de jambes descendant plus puissant.<\/p>\n<p>Entra\u00eener tes jambes verticalement en utilisant les Powerfin Pros pendant seulement quelques minutes aujourd&#8217;hui t&#8217;aidera \u00e0 am\u00e9liorer ta phase sous-marine. Le battement de jambes vertical te permet \u00e0 la fois de contr\u00f4ler la position de ton corps et de t&#8217;assurer que tu effectues un battement de jambes correct.<\/p>\n","protected":false},"excerpt":{"rendered":"<p>Les Powerfin Pros sont extr\u00eamement utiles pour des entra\u00eenements sp\u00e9cifiques visant \u00e0 am\u00e9liorer ton battement de jambes.<br \/>\nArena<\/p>\n","protected":false},"featured_media":1593,"comment_status":"closed","ping_status":"closed","template":"","meta":[],"product_brand":[329],"product_cat":[72,333],"product_tag":[],"class_list":{"0":"post-8342","1":"product","2":"type-product","3":"status-publish","4":"has-post-thumbnail","6":"product_brand-arena","7":"product_cat-equipement","8":"product_cat-palmes","10":"first","11":"instock","12":"sale","13":"shipping-taxable","14":"purchasable","15":"product-type-variable"},"_links":{"self":[{"href":"https:\/\/natation.ch\/fr\/wp-json\/wp\/v2\/product\/8342","targetHints":{"allow":["GET"]}}],"collection":[{"href":"https:\/\/natation.ch\/fr\/wp-json\/wp\/v2\/product"}],"about":[{"href":"https:\/\/natation.ch\/fr\/wp-json\/wp\/v2\/types\/product"}],"replies":[{"embeddable":true,"href":"https:\/\/natation.ch\/fr\/wp-json\/wp\/v2\/comments?post=8342"}],"wp:featuredmedia":[{"embeddable":true,"href":"https:\/\/natation.ch\/fr\/wp-json\/wp\/v2\/media\/1593"}],"wp:attachment":[{"href":"https:\/\/natation.ch\/fr\/wp-json\/wp\/v2\/media?parent=8342"}],"wp:term":[{"taxonomy":"product_brand","embeddable":true,"href":"https:\/\/natation.ch\/fr\/wp-json\/wp\/v2\/product_brand?post=8342"},{"taxonomy":"product_cat","embeddable":true,"href":"https:\/\/natation.ch\/fr\/wp-json\/wp\/v2\/product_cat?post=8342"},{"taxonomy":"product_tag","embeddable":true,"href":"https:\/\/natation.ch\/fr\/wp-json\/wp\/v2\/product_tag?post=8342"}],"curies":[{"name":"wp","href":"https:\/\/api.w.org\/{rel}","templated":true}]}}