{"id":8305,"date":"2025-11-22T14:56:04","date_gmt":"2025-11-22T14:56:04","guid":{"rendered":"https:\/\/natation.ch\/product\/venom-hero-man-tiffany-dark-blue\/"},"modified":"2025-11-22T14:56:04","modified_gmt":"2025-11-22T14:56:04","slug":"venom-hero-man-tiffany-dark-blue","status":"publish","type":"product","link":"https:\/\/natation.ch\/fr\/produit\/venom-hero-man-tiffany-dark-blue\/","title":{"rendered":"Venom Hero Man Tiffany Dark blue"},"content":{"rendered":"<p>V = vitesse &#8211; notre premier objectif en cr\u00e9ant ce produit : cr\u00e9er la combinaison de course la plus performante jamais con\u00e7ue ; E = ing\u00e9nierie &#8211; le r\u00e9sultat du travail collectif de notre d\u00e9partement recherche et d\u00e9veloppement ; N = nouveau &#8211; nouveau dans sa cat\u00e9gorie, nouveau dans sa technologie, nouveau dans son design ; O = original &#8211; originalement par AKRON ; M = fabrication &#8211; car 100 % de notre gamme de course est fi\u00e8rement fabriqu\u00e9e en Italie. Approbation FINA : Approuv\u00e9 FINA pour les comp\u00e9titions de natation nationales et internationales. Les maillots de bain approuv\u00e9s FINA ont un code-barres FINA unique imprim\u00e9 sur le maillot, le rendant facilement identifiable pour les officiels de natation. VENOM con\u00e7u pour la vitesse, repr\u00e9sentera la ligne &#8216;Premium&#8217; d&#8217;AKRON. La construction ergonomique plate de la soudure aide \u00e0 r\u00e9g\u00e9n\u00e9rer plus rapidement les groupes musculaires cl\u00e9s et double les couches de compression. Le design du ruban ext\u00e9rieur est destin\u00e9 \u00e0 am\u00e9liorer les turbulences hydrodynamiques, r\u00e9duire l&#8217;entr\u00e9e d&#8217;eau et d\u00e9velopper la glisse. Le ruban double-C miroir offre la sensation de soulever le bassin pendant la nage et une large amplitude de mouvement.<\/p>\n","protected":false},"excerpt":{"rendered":"<p>Akron<br \/>\nCombinaison de Comp\u00e9tition<\/p>\n","protected":false},"featured_media":1569,"comment_status":"closed","ping_status":"closed","template":"","meta":[],"product_brand":[328],"product_cat":[337,97,94],"product_tag":[],"class_list":{"0":"post-8305","1":"product","2":"type-product","3":"status-publish","4":"has-post-thumbnail","6":"product_brand-akron","7":"product_cat-liquiditations","8":"product_cat-masculin","9":"product_cat-racing","11":"first","12":"instock","13":"sale","14":"shipping-taxable","15":"purchasable","16":"product-type-variable"},"_links":{"self":[{"href":"https:\/\/natation.ch\/fr\/wp-json\/wp\/v2\/product\/8305","targetHints":{"allow":["GET"]}}],"collection":[{"href":"https:\/\/natation.ch\/fr\/wp-json\/wp\/v2\/product"}],"about":[{"href":"https:\/\/natation.ch\/fr\/wp-json\/wp\/v2\/types\/product"}],"replies":[{"embeddable":true,"href":"https:\/\/natation.ch\/fr\/wp-json\/wp\/v2\/comments?post=8305"}],"wp:featuredmedia":[{"embeddable":true,"href":"https:\/\/natation.ch\/fr\/wp-json\/wp\/v2\/media\/1569"}],"wp:attachment":[{"href":"https:\/\/natation.ch\/fr\/wp-json\/wp\/v2\/media?parent=8305"}],"wp:term":[{"taxonomy":"product_brand","embeddable":true,"href":"https:\/\/natation.ch\/fr\/wp-json\/wp\/v2\/product_brand?post=8305"},{"taxonomy":"product_cat","embeddable":true,"href":"https:\/\/natation.ch\/fr\/wp-json\/wp\/v2\/product_cat?post=8305"},{"taxonomy":"product_tag","embeddable":true,"href":"https:\/\/natation.ch\/fr\/wp-json\/wp\/v2\/product_tag?post=8305"}],"curies":[{"name":"wp","href":"https:\/\/api.w.org\/{rel}","templated":true}]}}