{"id":8235,"date":"2025-11-22T14:56:25","date_gmt":"2025-11-22T14:56:25","guid":{"rendered":"https:\/\/natation.ch\/product\/vortex-evolution-paddle\/"},"modified":"2025-11-22T14:56:25","modified_gmt":"2025-11-22T14:56:25","slug":"vortex-evolution-paddle","status":"publish","type":"product","link":"https:\/\/natation.ch\/fr\/produit\/vortex-evolution-paddle\/","title":{"rendered":"Vortex Evolution Paddle"},"content":{"rendered":"<p>&#8211; Palettes ergonomiques et confortables pour l&#8217;entra\u00eenement de force et de technique<br \/>\n&#8211; R\u00e9sistance accrue dans l&#8217;eau, surface perfor\u00e9e pour une sensation optimale de l&#8217;eau<br \/>\n&#8211; Sangles \u00e9lastiques ajustables et strat\u00e9giquement plac\u00e9es pour un confort \u00e9lev\u00e9 et flexible, sans PVC<br \/>\n&#8211; Id\u00e9al pour les nageurs de comp\u00e9tition<\/p>\n","protected":false},"excerpt":{"rendered":"<p>Ce produit sp\u00e9cial d&#8217;arena soutient les nageurs exp\u00e9riment\u00e9s m\u00eame pendant les s\u00e9ances d&#8217;entra\u00eenement exceptionnellement difficiles. La particularit\u00e9 de ces palettes est leur forme ergonomique incurv\u00e9e, qui favorise une prise en main naturelle, s\u00fbre et confortable. <\/p>\n","protected":false},"featured_media":1671,"comment_status":"closed","ping_status":"closed","template":"","meta":[],"product_brand":[329],"product_cat":[72,84],"product_tag":[],"class_list":{"0":"post-8235","1":"product","2":"type-product","3":"status-publish","4":"has-post-thumbnail","6":"product_brand-arena","7":"product_cat-equipement","8":"product_cat-paddle","10":"first","11":"instock","12":"sale","13":"shipping-taxable","14":"purchasable","15":"product-type-variable"},"_links":{"self":[{"href":"https:\/\/natation.ch\/fr\/wp-json\/wp\/v2\/product\/8235","targetHints":{"allow":["GET"]}}],"collection":[{"href":"https:\/\/natation.ch\/fr\/wp-json\/wp\/v2\/product"}],"about":[{"href":"https:\/\/natation.ch\/fr\/wp-json\/wp\/v2\/types\/product"}],"replies":[{"embeddable":true,"href":"https:\/\/natation.ch\/fr\/wp-json\/wp\/v2\/comments?post=8235"}],"wp:featuredmedia":[{"embeddable":true,"href":"https:\/\/natation.ch\/fr\/wp-json\/wp\/v2\/media\/1671"}],"wp:attachment":[{"href":"https:\/\/natation.ch\/fr\/wp-json\/wp\/v2\/media?parent=8235"}],"wp:term":[{"taxonomy":"product_brand","embeddable":true,"href":"https:\/\/natation.ch\/fr\/wp-json\/wp\/v2\/product_brand?post=8235"},{"taxonomy":"product_cat","embeddable":true,"href":"https:\/\/natation.ch\/fr\/wp-json\/wp\/v2\/product_cat?post=8235"},{"taxonomy":"product_tag","embeddable":true,"href":"https:\/\/natation.ch\/fr\/wp-json\/wp\/v2\/product_tag?post=8235"}],"curies":[{"name":"wp","href":"https:\/\/api.w.org\/{rel}","templated":true}]}}