{"id":8170,"date":"2025-11-22T14:49:25","date_gmt":"2025-11-22T14:49:25","guid":{"rendered":"https:\/\/natation.ch\/product\/lunettes-fastskin-hyper-elite\/"},"modified":"2025-11-22T14:49:25","modified_gmt":"2025-11-22T14:49:25","slug":"lunettes-fastskin-hyper-elite","status":"publish","type":"product","link":"https:\/\/natation.ch\/fr\/produit\/lunettes-fastskin-hyper-elite\/","title":{"rendered":"Lunettes Fastskin Hyper Elite"},"content":{"rendered":"","protected":false},"excerpt":{"rendered":"<p>Speedo<\/p>\n<p>Verre hydroscopique unique et extra plat offrant une vision p\u00e9riph\u00e9rique am\u00e9lior\u00e9e de 180 degr\u00e9s. Marquages d&#8217;ajustement et technologie IQ Fit pour un r\u00e9glage pr\u00e9cis. Inclut trois tailles de pont nasal S\/M\/L pour un ajustement s\u00fbr et personnalis\u00e9. IQfit : Joint 3D unique qui s&#8217;adapte parfaitement au contour de l&#8217;\u0153il sans fuites. Protection UV, rev\u00eatement anti-bu\u00e9e<\/p>\n","protected":false},"featured_media":123,"comment_status":"closed","ping_status":"closed","template":"","meta":[],"product_brand":[330],"product_cat":[72,75],"product_tag":[],"class_list":{"0":"post-8170","1":"product","2":"type-product","3":"status-publish","4":"has-post-thumbnail","6":"product_brand-speedo","7":"product_cat-equipement","8":"product_cat-unettes","10":"first","11":"instock","12":"sale","13":"shipping-taxable","14":"purchasable","15":"product-type-simple"},"_links":{"self":[{"href":"https:\/\/natation.ch\/fr\/wp-json\/wp\/v2\/product\/8170","targetHints":{"allow":["GET"]}}],"collection":[{"href":"https:\/\/natation.ch\/fr\/wp-json\/wp\/v2\/product"}],"about":[{"href":"https:\/\/natation.ch\/fr\/wp-json\/wp\/v2\/types\/product"}],"replies":[{"embeddable":true,"href":"https:\/\/natation.ch\/fr\/wp-json\/wp\/v2\/comments?post=8170"}],"wp:featuredmedia":[{"embeddable":true,"href":"https:\/\/natation.ch\/fr\/wp-json\/wp\/v2\/media\/123"}],"wp:attachment":[{"href":"https:\/\/natation.ch\/fr\/wp-json\/wp\/v2\/media?parent=8170"}],"wp:term":[{"taxonomy":"product_brand","embeddable":true,"href":"https:\/\/natation.ch\/fr\/wp-json\/wp\/v2\/product_brand?post=8170"},{"taxonomy":"product_cat","embeddable":true,"href":"https:\/\/natation.ch\/fr\/wp-json\/wp\/v2\/product_cat?post=8170"},{"taxonomy":"product_tag","embeddable":true,"href":"https:\/\/natation.ch\/fr\/wp-json\/wp\/v2\/product_tag?post=8170"}],"curies":[{"name":"wp","href":"https:\/\/api.w.org\/{rel}","templated":true}]}}