{"id":8140,"date":"2025-11-22T14:49:25","date_gmt":"2025-11-22T14:49:25","guid":{"rendered":"https:\/\/natation.ch\/product\/dryland-cord\/"},"modified":"2026-01-04T20:41:05","modified_gmt":"2026-01-04T20:41:05","slug":"dryland-cord","status":"publish","type":"product","link":"https:\/\/natation.ch\/fr\/produit\/dryland-cord\/","title":{"rendered":"Dryland Cord"},"content":{"rendered":"","protected":false},"excerpt":{"rendered":"<p>Les \u00e9lastiques d&#8217;entra\u00eenement \u00e0 sec sont fabriqu\u00e9s avec des tubes en caoutchouc r\u00e9sistants et des poign\u00e9es confortables. En se fixant \u00e0 un point d&#8217;ancrage, les \u00e9lastiques simulent les mouvements de natation hors de l&#8217;eau pour am\u00e9liorer la force et l&#8217;amplitude des mouvements. Les \u00e9lastiques d&#8217;entra\u00eenement \u00e0 sec conviennent aux nageurs de tous \u00e2ges et niveaux, et sont disponibles en trois r\u00e9sistances diff\u00e9rentes. Les \u00e9lastiques d&#8217;entra\u00eenement \u00e0 sec offrent des options d&#8217;entra\u00eenement hors-saison et de r\u00e9\u00e9ducation.<\/p>\n<p>Finis<\/p>\n","protected":false},"featured_media":2477,"comment_status":"closed","ping_status":"closed","template":"","meta":[],"product_brand":[327],"product_cat":[81,72],"product_tag":[],"class_list":{"0":"post-8140","1":"product","2":"type-product","3":"status-publish","4":"has-post-thumbnail","6":"product_brand-finis","7":"product_cat-autre-equipement","8":"product_cat-equipement","10":"first","11":"instock","12":"sale","13":"shipping-taxable","14":"purchasable","15":"product-type-variable"},"_links":{"self":[{"href":"https:\/\/natation.ch\/fr\/wp-json\/wp\/v2\/product\/8140","targetHints":{"allow":["GET"]}}],"collection":[{"href":"https:\/\/natation.ch\/fr\/wp-json\/wp\/v2\/product"}],"about":[{"href":"https:\/\/natation.ch\/fr\/wp-json\/wp\/v2\/types\/product"}],"replies":[{"embeddable":true,"href":"https:\/\/natation.ch\/fr\/wp-json\/wp\/v2\/comments?post=8140"}],"wp:featuredmedia":[{"embeddable":true,"href":"https:\/\/natation.ch\/fr\/wp-json\/wp\/v2\/media\/2477"}],"wp:attachment":[{"href":"https:\/\/natation.ch\/fr\/wp-json\/wp\/v2\/media?parent=8140"}],"wp:term":[{"taxonomy":"product_brand","embeddable":true,"href":"https:\/\/natation.ch\/fr\/wp-json\/wp\/v2\/product_brand?post=8140"},{"taxonomy":"product_cat","embeddable":true,"href":"https:\/\/natation.ch\/fr\/wp-json\/wp\/v2\/product_cat?post=8140"},{"taxonomy":"product_tag","embeddable":true,"href":"https:\/\/natation.ch\/fr\/wp-json\/wp\/v2\/product_tag?post=8140"}],"curies":[{"name":"wp","href":"https:\/\/api.w.org\/{rel}","templated":true}]}}