{"id":8128,"date":"2025-11-22T14:56:26","date_gmt":"2025-11-22T14:56:26","guid":{"rendered":"https:\/\/natation.ch\/product\/parka-thermique\/"},"modified":"2026-01-06T14:08:45","modified_gmt":"2026-01-06T14:08:45","slug":"parka-thermique","status":"publish","type":"product","link":"https:\/\/natation.ch\/fr\/produit\/parka-thermique\/","title":{"rendered":"Parka thermique"},"content":{"rendered":"<p>Confort<\/p>\n<p>Le tissu int\u00e9rieur douillet retient la chaleur corporelle pour une isolation thermique optimale.<br \/>\nIsolation haute r\u00e9sistance<\/p>\n<p>Le tissu ext\u00e9rieur imperm\u00e9able prot\u00e8ge du vent et de la pluie, te permettant de t&#8217;entra\u00eener au chaud et au sec. De plus, le mat\u00e9riau est hautement r\u00e9sistant \u00e0 l&#8217;abrasion, optimisant la durabilit\u00e9 du v\u00eatement.<\/p>\n<p>La parka est \u00e9quip\u00e9e de deux poches externes avec fermetures \u00e9clair \u00e9tanches et d&#8217;une poche interne pour prot\u00e9ger tes affaires et les garder \u00e0 port\u00e9e de main.<\/p>\n","protected":false},"excerpt":{"rendered":"<p>Cette parka imperm\u00e9able mi-mollet avec doublure polaire int\u00e9gr\u00e9e te garde au chaud avant et apr\u00e8s l&#8217;entra\u00eenement et la comp\u00e9tition par temps froid. Son tissu ext\u00e9rieur coupe-vent bloque l&#8217;air froid, et la doublure polaire optimise la r\u00e9tention de la chaleur corporelle.<\/p>\n<p>Orca<\/p>\n","protected":false},"featured_media":1703,"comment_status":"closed","ping_status":"closed","template":"","meta":[],"product_brand":[331],"product_cat":[57,66],"product_tag":[],"class_list":{"0":"post-8128","1":"product","2":"type-product","3":"status-publish","4":"has-post-thumbnail","6":"product_brand-orca","7":"product_cat-accessoires","8":"product_cat-autres-accessoires","10":"first","11":"instock","12":"shipping-taxable","13":"purchasable","14":"product-type-variable"},"_links":{"self":[{"href":"https:\/\/natation.ch\/fr\/wp-json\/wp\/v2\/product\/8128","targetHints":{"allow":["GET"]}}],"collection":[{"href":"https:\/\/natation.ch\/fr\/wp-json\/wp\/v2\/product"}],"about":[{"href":"https:\/\/natation.ch\/fr\/wp-json\/wp\/v2\/types\/product"}],"replies":[{"embeddable":true,"href":"https:\/\/natation.ch\/fr\/wp-json\/wp\/v2\/comments?post=8128"}],"wp:featuredmedia":[{"embeddable":true,"href":"https:\/\/natation.ch\/fr\/wp-json\/wp\/v2\/media\/1703"}],"wp:attachment":[{"href":"https:\/\/natation.ch\/fr\/wp-json\/wp\/v2\/media?parent=8128"}],"wp:term":[{"taxonomy":"product_brand","embeddable":true,"href":"https:\/\/natation.ch\/fr\/wp-json\/wp\/v2\/product_brand?post=8128"},{"taxonomy":"product_cat","embeddable":true,"href":"https:\/\/natation.ch\/fr\/wp-json\/wp\/v2\/product_cat?post=8128"},{"taxonomy":"product_tag","embeddable":true,"href":"https:\/\/natation.ch\/fr\/wp-json\/wp\/v2\/product_tag?post=8128"}],"curies":[{"name":"wp","href":"https:\/\/api.w.org\/{rel}","templated":true}]}}