{"id":8109,"date":"2025-11-22T14:49:25","date_gmt":"2025-11-22T14:49:25","guid":{"rendered":"https:\/\/natation.ch\/product\/mesh-backpack\/"},"modified":"2025-11-22T14:49:25","modified_gmt":"2025-11-22T14:49:25","slug":"mesh-backpack","status":"publish","type":"product","link":"https:\/\/natation.ch\/fr\/produit\/mesh-backpack\/","title":{"rendered":"Mesh Backpack"},"content":{"rendered":"<p>Ce sac en maille est pratique pour transporter tes affaires de natation, tout en ayant une poche arri\u00e8re zipp\u00e9e et imperm\u00e9able pour prot\u00e9ger tes objets de valeur. Ce sac polyvalent avec un dessus \u00e0 cordon de serrage et un panneau arri\u00e8re et une base imperm\u00e9ables prot\u00e8ge ton dos de l&#8217;eau, tandis que trois trous de drainage \u00e0 oeillets permettent \u00e0 l&#8217;exc\u00e8s d&#8217;eau de s&#8217;\u00e9goutter du fond du sac. Dimensions de 42 x 56 cm.<\/p>\n","protected":false},"excerpt":{"rendered":"<p>Orca<\/p>\n<p>Ce sac en maille est pratique pour transporter tes affaires de natation, tout en ayant une poche arri\u00e8re zipp\u00e9e et imperm\u00e9able pour prot\u00e9ger tes objets de valeur.<\/p>\n","protected":false},"featured_media":147,"comment_status":"closed","ping_status":"closed","template":"","meta":[],"product_brand":[331],"product_cat":[57,60],"product_tag":[],"class_list":{"0":"post-8109","1":"product","2":"type-product","3":"status-publish","4":"has-post-thumbnail","6":"product_brand-orca","7":"product_cat-accessoires","8":"product_cat-sacs","10":"first","11":"instock","12":"shipping-taxable","13":"purchasable","14":"product-type-simple"},"_links":{"self":[{"href":"https:\/\/natation.ch\/fr\/wp-json\/wp\/v2\/product\/8109","targetHints":{"allow":["GET"]}}],"collection":[{"href":"https:\/\/natation.ch\/fr\/wp-json\/wp\/v2\/product"}],"about":[{"href":"https:\/\/natation.ch\/fr\/wp-json\/wp\/v2\/types\/product"}],"replies":[{"embeddable":true,"href":"https:\/\/natation.ch\/fr\/wp-json\/wp\/v2\/comments?post=8109"}],"wp:featuredmedia":[{"embeddable":true,"href":"https:\/\/natation.ch\/fr\/wp-json\/wp\/v2\/media\/147"}],"wp:attachment":[{"href":"https:\/\/natation.ch\/fr\/wp-json\/wp\/v2\/media?parent=8109"}],"wp:term":[{"taxonomy":"product_brand","embeddable":true,"href":"https:\/\/natation.ch\/fr\/wp-json\/wp\/v2\/product_brand?post=8109"},{"taxonomy":"product_cat","embeddable":true,"href":"https:\/\/natation.ch\/fr\/wp-json\/wp\/v2\/product_cat?post=8109"},{"taxonomy":"product_tag","embeddable":true,"href":"https:\/\/natation.ch\/fr\/wp-json\/wp\/v2\/product_tag?post=8109"}],"curies":[{"name":"wp","href":"https:\/\/api.w.org\/{rel}","templated":true}]}}