{"id":8105,"date":"2025-11-22T14:56:26","date_gmt":"2025-11-22T14:56:26","guid":{"rendered":"https:\/\/natation.ch\/product\/poncho-en-coton\/"},"modified":"2026-01-06T13:50:26","modified_gmt":"2026-01-06T13:50:26","slug":"poncho-en-coton","status":"publish","type":"product","link":"https:\/\/natation.ch\/fr\/produit\/poncho-en-coton\/","title":{"rendered":"Poncho en coton"},"content":{"rendered":"<p>100% coton<\/p>\n","protected":false},"excerpt":{"rendered":"<p>Ce poncho-serviette est fabriqu\u00e9 en tissu 100% coton doux et agr\u00e9able. Id\u00e9al pour se s\u00e9cher ou se changer en tout confort lors d&#8217;une session de natation ou de surf, d&#8217;un entra\u00eenement ou d&#8217;une course. L&#8217;accessoire indispensable pour les sportifs.<\/p>\n<p>Orca<\/p>\n","protected":false},"featured_media":1691,"comment_status":"closed","ping_status":"closed","template":"","meta":[],"product_brand":[331],"product_cat":[57,66],"product_tag":[],"class_list":{"0":"post-8105","1":"product","2":"type-product","3":"status-publish","4":"has-post-thumbnail","6":"product_brand-orca","7":"product_cat-accessoires","8":"product_cat-autres-accessoires","10":"first","11":"instock","12":"shipping-taxable","13":"purchasable","14":"product-type-simple"},"_links":{"self":[{"href":"https:\/\/natation.ch\/fr\/wp-json\/wp\/v2\/product\/8105","targetHints":{"allow":["GET"]}}],"collection":[{"href":"https:\/\/natation.ch\/fr\/wp-json\/wp\/v2\/product"}],"about":[{"href":"https:\/\/natation.ch\/fr\/wp-json\/wp\/v2\/types\/product"}],"replies":[{"embeddable":true,"href":"https:\/\/natation.ch\/fr\/wp-json\/wp\/v2\/comments?post=8105"}],"wp:featuredmedia":[{"embeddable":true,"href":"https:\/\/natation.ch\/fr\/wp-json\/wp\/v2\/media\/1691"}],"wp:attachment":[{"href":"https:\/\/natation.ch\/fr\/wp-json\/wp\/v2\/media?parent=8105"}],"wp:term":[{"taxonomy":"product_brand","embeddable":true,"href":"https:\/\/natation.ch\/fr\/wp-json\/wp\/v2\/product_brand?post=8105"},{"taxonomy":"product_cat","embeddable":true,"href":"https:\/\/natation.ch\/fr\/wp-json\/wp\/v2\/product_cat?post=8105"},{"taxonomy":"product_tag","embeddable":true,"href":"https:\/\/natation.ch\/fr\/wp-json\/wp\/v2\/product_tag?post=8105"}],"curies":[{"name":"wp","href":"https:\/\/api.w.org\/{rel}","templated":true}]}}