{"id":8099,"date":"2025-11-22T14:56:39","date_gmt":"2025-11-22T14:56:39","guid":{"rendered":"https:\/\/natation.ch\/product\/fusion-air-titanium-mirror\/"},"modified":"2025-11-22T14:56:39","modified_gmt":"2025-11-22T14:56:39","slug":"fusion-air-titanium-mirror","status":"publish","type":"product","link":"https:\/\/natation.ch\/fr\/produit\/fusion-air-titanium-mirror\/","title":{"rendered":"Fusion Air Titanium Mirror"},"content":{"rendered":"<p>Technologie :<\/p>\n<p>Technologie de verre courb\u00e9 (Clt) :<br \/>\n&#8211; Offre au nageur une vision p\u00e9riph\u00e9rique \u00e0 180\u00b0 et une clart\u00e9 cristalline. Id\u00e9al pour nager dans la foule ou avec d&#8217;autres dans votre couloir. <\/p>\n<p>Anti-bu\u00e9e :<br \/>\n&#8211; Fogbuster offre un contr\u00f4le d&#8217;humidit\u00e9 suppl\u00e9mentaire pour une vraie clart\u00e9 de vision et une nage sans stress.<\/p>\n<p>Protection UV :<br \/>\n&#8211; Zoggs inclut la protection UV comme caract\u00e9ristique standard sur toutes les lunettes. En plus de notre UV360 standard, nous avons introduit la protection maximale UV400 qui bloque 99 % \u00e0 100 % des rayons UV nocifs du soleil, pour garantir que la natation soit aussi s\u00fbre qu&#8217;agr\u00e9able. <\/p>\n<p>Coussin d&#8217;air :<br \/>\n&#8211; Les joints remplis d&#8217;air, fabriqu\u00e9s en silicone de haute qualit\u00e9, offrent une \u00e9tanch\u00e9it\u00e9 \u00ab amortie \u00bb qui donne un ajustement \u00ab presque invisible \u00bb avec des marques consid\u00e9rablement r\u00e9duites autour de l&#8217;\u0153il.<\/p>\n<p>Silicone :<br \/>\n&#8211; Cr\u00e9e une \u00e9tanch\u00e9it\u00e9 personnalis\u00e9e durable autour de tes yeux, pour un ajustement unique sans fuite. Con\u00e7u pour fournir une distribution uniforme de la pression sur ton visage. Silicone hypoallerg\u00e9nique pour \u00e9viter l&#8217;irritation cutan\u00e9e et sans phtalate.  <\/p>\n<p>Double sangle :<br \/>\n&#8211; Nos sangles de t\u00eate \u00e0 double bande disposent \u00e9galement d&#8217;un syst\u00e8me d&#8217;ajustement facile, fabriqu\u00e9 avec du silicone de haute qualit\u00e9 pour le confort et la durabilit\u00e9.<\/p>\n","protected":false},"excerpt":{"rendered":"<p>Id\u00e9al pour une luminosit\u00e9 \u00e9lev\u00e9e<\/p>\n","protected":false},"featured_media":1745,"comment_status":"closed","ping_status":"closed","template":"","meta":[],"product_brand":[558],"product_cat":[72,75],"product_tag":[],"class_list":{"0":"post-8099","1":"product","2":"type-product","3":"status-publish","4":"has-post-thumbnail","6":"product_brand-zoggs","7":"product_cat-equipement","8":"product_cat-unettes","10":"first","11":"instock","12":"sale","13":"shipping-taxable","14":"purchasable","15":"product-type-variable"},"_links":{"self":[{"href":"https:\/\/natation.ch\/fr\/wp-json\/wp\/v2\/product\/8099","targetHints":{"allow":["GET"]}}],"collection":[{"href":"https:\/\/natation.ch\/fr\/wp-json\/wp\/v2\/product"}],"about":[{"href":"https:\/\/natation.ch\/fr\/wp-json\/wp\/v2\/types\/product"}],"replies":[{"embeddable":true,"href":"https:\/\/natation.ch\/fr\/wp-json\/wp\/v2\/comments?post=8099"}],"wp:featuredmedia":[{"embeddable":true,"href":"https:\/\/natation.ch\/fr\/wp-json\/wp\/v2\/media\/1745"}],"wp:attachment":[{"href":"https:\/\/natation.ch\/fr\/wp-json\/wp\/v2\/media?parent=8099"}],"wp:term":[{"taxonomy":"product_brand","embeddable":true,"href":"https:\/\/natation.ch\/fr\/wp-json\/wp\/v2\/product_brand?post=8099"},{"taxonomy":"product_cat","embeddable":true,"href":"https:\/\/natation.ch\/fr\/wp-json\/wp\/v2\/product_cat?post=8099"},{"taxonomy":"product_tag","embeddable":true,"href":"https:\/\/natation.ch\/fr\/wp-json\/wp\/v2\/product_tag?post=8099"}],"curies":[{"name":"wp","href":"https:\/\/api.w.org\/{rel}","templated":true}]}}