{"id":7725,"date":"2025-12-05T18:06:18","date_gmt":"2025-12-05T18:06:18","guid":{"rendered":"https:\/\/natation.ch\/?post_type=product&#038;p=7725"},"modified":"2026-01-06T15:06:43","modified_gmt":"2026-01-06T15:06:43","slug":"centre-snorkel-red","status":"publish","type":"product","link":"https:\/\/natation.ch\/fr\/produit\/centre-snorkel-red\/","title":{"rendered":"Tuba frontal rouge"},"content":{"rendered":"<p id=\"js-description\" class=\"txt-base descripcion-length\"><span id=\"desc\">Caract\u00e9ristiques :<\/span><\/p>\n<p>&#8211; Id\u00e9al pour s&#8217;entra\u00eener \u00e0 la position de la t\u00eate vers le bas n\u00e9cessaire pour le papillon et la nage libre<br \/>\n&#8211; Convient pour une utilisation avec un masque ou des lunettes de natation<br \/>\n&#8211; Sangle de t\u00eate Speed Fit pour un ajustement rapide et facile<br \/>\n&#8211; Motif multicolore vibrant pour se d\u00e9marquer<\/p>\n<p>Sp\u00e9cifications :<\/p>\n<p>&#8211; Mat\u00e9riau : polycarbonate\/tpe\/silicone<\/p>\n","protected":false},"excerpt":{"rendered":"<p><span id=\"desc\">D\u00e9marque-toi lors de tes entra\u00eenements en club avec le tuba frontal \u00e0 motifs. Un incontournable pour les exercices techniques, le tuba frontal \u00e9limine le besoin de tourner la t\u00eate pour respirer, ce qui te permet de te concentrer sur ta technique et l&#8217;alignement de ton corps. Id\u00e9al pour les nageurs de nage libre et de papillon qui souhaitent perfectionner leur position de la t\u00eate vers le bas, le tuba peut \u00eatre utilis\u00e9 avec des lunettes de natation ou un masque et comprend une sangle de t\u00eate Speed Fit pour un ajustement rapide et facile.<\/span><\/p>\n<p>Speedo<\/p>\n<p>&nbsp;<\/p>\n","protected":false},"featured_media":7728,"comment_status":"closed","ping_status":"closed","template":"","meta":[],"product_brand":[330],"product_cat":[72,337,92],"product_tag":[],"class_list":{"0":"post-7725","1":"product","2":"type-product","3":"status-publish","4":"has-post-thumbnail","6":"product_brand-speedo","7":"product_cat-equipement","8":"product_cat-liquiditations","9":"product_cat-snorkel","11":"first","12":"instock","13":"sale","14":"shipping-taxable","15":"purchasable","16":"product-type-simple"},"_links":{"self":[{"href":"https:\/\/natation.ch\/fr\/wp-json\/wp\/v2\/product\/7725","targetHints":{"allow":["GET"]}}],"collection":[{"href":"https:\/\/natation.ch\/fr\/wp-json\/wp\/v2\/product"}],"about":[{"href":"https:\/\/natation.ch\/fr\/wp-json\/wp\/v2\/types\/product"}],"replies":[{"embeddable":true,"href":"https:\/\/natation.ch\/fr\/wp-json\/wp\/v2\/comments?post=7725"}],"wp:featuredmedia":[{"embeddable":true,"href":"https:\/\/natation.ch\/fr\/wp-json\/wp\/v2\/media\/7728"}],"wp:attachment":[{"href":"https:\/\/natation.ch\/fr\/wp-json\/wp\/v2\/media?parent=7725"}],"wp:term":[{"taxonomy":"product_brand","embeddable":true,"href":"https:\/\/natation.ch\/fr\/wp-json\/wp\/v2\/product_brand?post=7725"},{"taxonomy":"product_cat","embeddable":true,"href":"https:\/\/natation.ch\/fr\/wp-json\/wp\/v2\/product_cat?post=7725"},{"taxonomy":"product_tag","embeddable":true,"href":"https:\/\/natation.ch\/fr\/wp-json\/wp\/v2\/product_tag?post=7725"}],"curies":[{"name":"wp","href":"https:\/\/api.w.org\/{rel}","templated":true}]}}