{"id":7703,"date":"2025-12-05T17:43:39","date_gmt":"2025-12-05T17:43:39","guid":{"rendered":"https:\/\/natation.ch\/product\/biofuse-2-0-bleu-marine-orange-hyper\/"},"modified":"2025-12-05T17:43:39","modified_gmt":"2025-12-05T17:43:39","slug":"biofuse-2-0-bleu-marine-orange-hyper","status":"publish","type":"product","link":"https:\/\/natation.ch\/fr\/produit\/biofuse-2-0-bleu-marine-orange-hyper\/","title":{"rendered":"Biofuse 2.0 bleu marine orange hyper"},"content":{"rendered":"<ul>\n<li>Toujours dot\u00e9 de notre technologie Speedo Biofuse\u00ae la plus vendue pour un confort flexible pendant la nage.<\/li>\n<li>Joints ultra-doux avec une nouvelle conception de rainure qui offre le m\u00eame ajustement optimal.<\/li>\n<li>Nouvelle conception de cadre interne flexible et robuste qui s&#8217;\u00e9tire et s&#8217;adapte pour un ajustement super confortable et offre une stabilit\u00e9 sup\u00e9rieure.<\/li>\n<li>La nouvelle forme de verre retravaill\u00e9e offre une excellente vision p\u00e9riph\u00e9rique.<\/li>\n<li>Tout nouveau m\u00e9canisme de bouton-pression en attente de brevet pour un ajustement rapide et s\u00fbr.<\/li>\n<li>Bracelet plat \u00e9l\u00e9gant avec engrenages de traction pour un ajustement s\u00fbr et confortable.<\/li>\n<li>Un rev\u00eatement antibu\u00e9e assure une vision claire.<\/li>\n<li>Protection UV ultime avec des verres en polycarbonate avec protection UV-40.<\/li>\n<\/ul>\n","protected":false},"excerpt":{"rendered":"<p>Nos lunettes Biofuse sont maintenant encore meilleures. Voici Biofuse 2.0. Nos nouvelles lunettes sont dot\u00e9es de notre technologie Speedo Biofuse\u00ae la plus vendue, faisant passer le confort et l&#8217;ajustement au niveau sup\u00e9rieur avec un tout nouveau m\u00e9canisme de verrouillage \u00e0 bouton-pression en attente de brevet et des joints ultra-doux avec une nouvelle conception de rainure. Tout ce que vous aimez dans Biofuse, maintenant encore mieux.<\/p>\n","protected":false},"featured_media":7700,"comment_status":"open","ping_status":"closed","template":"","meta":[],"product_brand":[330],"product_cat":[75],"product_tag":[],"class_list":{"0":"post-7703","1":"product","2":"type-product","3":"status-publish","4":"has-post-thumbnail","6":"product_brand-speedo","7":"product_cat-unettes","9":"first","10":"instock","11":"shipping-taxable","12":"purchasable","13":"product-type-simple"},"_links":{"self":[{"href":"https:\/\/natation.ch\/fr\/wp-json\/wp\/v2\/product\/7703","targetHints":{"allow":["GET"]}}],"collection":[{"href":"https:\/\/natation.ch\/fr\/wp-json\/wp\/v2\/product"}],"about":[{"href":"https:\/\/natation.ch\/fr\/wp-json\/wp\/v2\/types\/product"}],"replies":[{"embeddable":true,"href":"https:\/\/natation.ch\/fr\/wp-json\/wp\/v2\/comments?post=7703"}],"wp:featuredmedia":[{"embeddable":true,"href":"https:\/\/natation.ch\/fr\/wp-json\/wp\/v2\/media\/7700"}],"wp:attachment":[{"href":"https:\/\/natation.ch\/fr\/wp-json\/wp\/v2\/media?parent=7703"}],"wp:term":[{"taxonomy":"product_brand","embeddable":true,"href":"https:\/\/natation.ch\/fr\/wp-json\/wp\/v2\/product_brand?post=7703"},{"taxonomy":"product_cat","embeddable":true,"href":"https:\/\/natation.ch\/fr\/wp-json\/wp\/v2\/product_cat?post=7703"},{"taxonomy":"product_tag","embeddable":true,"href":"https:\/\/natation.ch\/fr\/wp-json\/wp\/v2\/product_tag?post=7703"}],"curies":[{"name":"wp","href":"https:\/\/api.w.org\/{rel}","templated":true}]}}