{"id":7650,"date":"2025-11-22T15:09:21","date_gmt":"2025-11-22T15:09:21","guid":{"rendered":"https:\/\/natation.ch\/product\/neoprene-jammer\/"},"modified":"2025-11-22T15:09:21","modified_gmt":"2025-11-22T15:09:21","slug":"neoprene-jammer","status":"publish","type":"product","link":"https:\/\/natation.ch\/fr\/produit\/neoprene-jammer\/","title":{"rendered":"Neoprene Jammer"},"content":{"rendered":"<p>Avec le Jammer en n\u00e9opr\u00e8ne, tu obtiendras une flottabilit\u00e9 maximale sans compromettre ta nage. Soul\u00e8ve tes jambes et garde-les droites pendant que tu nages pour renforcer le haut du corps, adoptant ainsi la position de nage id\u00e9ale. Un pas en avant pour am\u00e9liorer ta technique et tes performances dans l&#8217;eau.  <\/p>\n","protected":false},"excerpt":{"rendered":"<p>Orca<\/p>\n<p>Avec le short 3\/4 en n\u00e9opr\u00e8ne, tu obtiendras une flottabilit\u00e9 maximale sans compromettre ta nage. Soul\u00e8ve tes jambes et garde-les droites pendant que tu nages pour renforcer le haut du corps, adoptant ainsi la position de nage id\u00e9ale. Un pas en avant pour am\u00e9liorer ta technique et tes performances dans l&#8217;eau.  <\/p>\n","protected":false},"featured_media":1981,"comment_status":"closed","ping_status":"closed","template":"","meta":[],"product_brand":[331],"product_cat":[115,102],"product_tag":[],"class_list":{"0":"post-7650","1":"product","2":"type-product","3":"status-publish","4":"has-post-thumbnail","6":"product_brand-orca","7":"product_cat-hommes","8":"product_cat-maillots-de-bain","10":"first","11":"instock","12":"shipping-taxable","13":"purchasable","14":"product-type-variable"},"_links":{"self":[{"href":"https:\/\/natation.ch\/fr\/wp-json\/wp\/v2\/product\/7650","targetHints":{"allow":["GET"]}}],"collection":[{"href":"https:\/\/natation.ch\/fr\/wp-json\/wp\/v2\/product"}],"about":[{"href":"https:\/\/natation.ch\/fr\/wp-json\/wp\/v2\/types\/product"}],"replies":[{"embeddable":true,"href":"https:\/\/natation.ch\/fr\/wp-json\/wp\/v2\/comments?post=7650"}],"wp:featuredmedia":[{"embeddable":true,"href":"https:\/\/natation.ch\/fr\/wp-json\/wp\/v2\/media\/1981"}],"wp:attachment":[{"href":"https:\/\/natation.ch\/fr\/wp-json\/wp\/v2\/media?parent=7650"}],"wp:term":[{"taxonomy":"product_brand","embeddable":true,"href":"https:\/\/natation.ch\/fr\/wp-json\/wp\/v2\/product_brand?post=7650"},{"taxonomy":"product_cat","embeddable":true,"href":"https:\/\/natation.ch\/fr\/wp-json\/wp\/v2\/product_cat?post=7650"},{"taxonomy":"product_tag","embeddable":true,"href":"https:\/\/natation.ch\/fr\/wp-json\/wp\/v2\/product_tag?post=7650"}],"curies":[{"name":"wp","href":"https:\/\/api.w.org\/{rel}","templated":true}]}}