{"id":7571,"date":"2025-11-22T15:10:38","date_gmt":"2025-11-22T15:10:38","guid":{"rendered":"https:\/\/natation.ch\/product\/lunettes-killa-comfort\/"},"modified":"2026-01-05T21:10:30","modified_gmt":"2026-01-05T21:10:30","slug":"lunettes-killa-comfort","status":"publish","type":"product","link":"https:\/\/natation.ch\/fr\/produit\/lunettes-killa-comfort\/","title":{"rendered":"Lunettes Killa Comfort"},"content":{"rendered":"<p>Ajustement parfait<\/p>\n<p>Le joint ergonomique tridimensionnel s&#8217;adapte \u00e0 votre visage pour une meilleure adh\u00e9rence et r\u00e9duit la pression autour de l&#8217;oeil.<br \/>\nAjustement rapide<\/p>\n<p>Le syst\u00e8me de fixation par clip de la boucle permet d&#8217;ajuster rapidement et facilement la sangle en silicone.<br \/>\nAnti-bu\u00e9e<\/p>\n<p>Le rev\u00eatement ANTI-BU\u00c9E exclusif et durable emp\u00eache la formation de bu\u00e9e et assure une vision claire \u00e0 tout moment.<\/p>\n","protected":false},"excerpt":{"rendered":"<p>Les Killa Comfort sont des lunettes ergonomiques, parfaites pour une vari\u00e9t\u00e9 d&#8217;utilisations. Con\u00e7ues avec un silicone doux, agr\u00e9able et confortable, elles adh\u00e8rent tr\u00e8s bien au contour de l&#8217;oeil sans trop serrer. De plus, leur ajustement optimal et leur large champ de vision vous donneront la confiance dont vous avez besoin pour la nage en eau libre. Les diff\u00e9rents verres disponibles les rendent extr\u00eamement polyvalentes pour tous les types de conditions m\u00e9t\u00e9orologiques.<\/p>\n<p>Orca<\/p>\n","protected":false},"featured_media":2135,"comment_status":"closed","ping_status":"closed","template":"","meta":[],"product_brand":[331],"product_cat":[72,75],"product_tag":[],"class_list":{"0":"post-7571","1":"product","2":"type-product","3":"status-publish","4":"has-post-thumbnail","6":"product_brand-orca","7":"product_cat-equipement","8":"product_cat-unettes","10":"first","11":"instock","12":"shipping-taxable","13":"purchasable","14":"product-type-variable"},"_links":{"self":[{"href":"https:\/\/natation.ch\/fr\/wp-json\/wp\/v2\/product\/7571","targetHints":{"allow":["GET"]}}],"collection":[{"href":"https:\/\/natation.ch\/fr\/wp-json\/wp\/v2\/product"}],"about":[{"href":"https:\/\/natation.ch\/fr\/wp-json\/wp\/v2\/types\/product"}],"replies":[{"embeddable":true,"href":"https:\/\/natation.ch\/fr\/wp-json\/wp\/v2\/comments?post=7571"}],"wp:featuredmedia":[{"embeddable":true,"href":"https:\/\/natation.ch\/fr\/wp-json\/wp\/v2\/media\/2135"}],"wp:attachment":[{"href":"https:\/\/natation.ch\/fr\/wp-json\/wp\/v2\/media?parent=7571"}],"wp:term":[{"taxonomy":"product_brand","embeddable":true,"href":"https:\/\/natation.ch\/fr\/wp-json\/wp\/v2\/product_brand?post=7571"},{"taxonomy":"product_cat","embeddable":true,"href":"https:\/\/natation.ch\/fr\/wp-json\/wp\/v2\/product_cat?post=7571"},{"taxonomy":"product_tag","embeddable":true,"href":"https:\/\/natation.ch\/fr\/wp-json\/wp\/v2\/product_tag?post=7571"}],"curies":[{"name":"wp","href":"https:\/\/api.w.org\/{rel}","templated":true}]}}