{"id":7522,"date":"2025-11-22T15:10:54","date_gmt":"2025-11-22T15:10:54","guid":{"rendered":"https:\/\/natation.ch\/product\/killa-180\/"},"modified":"2026-01-05T21:08:50","modified_gmt":"2026-01-05T21:08:50","slug":"killa-180","status":"publish","type":"product","link":"https:\/\/natation.ch\/fr\/produit\/killa-180\/","title":{"rendered":"Killa 180"},"content":{"rendered":"<p>Les lunettes Killa 180\u00ba sont performantes, polyvalentes et ergonomiques, ce qui am\u00e9liorera votre confort et votre vitesse dans l&#8217;eau. Elles offrent une clart\u00e9 optique exceptionnelle, ce qui les rend adapt\u00e9es \u00e0 la fois \u00e0 la comp\u00e9tition et \u00e0 l&#8217;entra\u00eenement. Gr\u00e2ce \u00e0 une gamme de verres diff\u00e9rents, elles sont aussi performantes dans toutes les conditions m\u00e9t\u00e9orologiques. Un avantage suppl\u00e9mentaire est la sangle en silicone, qui peut \u00eatre ajust\u00e9e rapidement et facilement, vous donnant toute la confiance dont vous avez besoin.<\/p>\n","protected":false},"excerpt":{"rendered":"<table style=\"border-collapse: collapse; width: 5px; height: 5px;\" border=\"0\" width=\"90\" cellspacing=\"0\" cellpadding=\"0\">\n<tbody>\n<tr style=\"height: 15.6pt;\">\n<td style=\"height: 15.6pt; width: 67pt;\" width=\"90\" height=\"21\"><\/td>\n<\/tr>\n<\/tbody>\n<\/table>\n<p>Lunettes ergonomiques pour ext\u00e9rieur<\/p>\n<p>Orca<\/p>\n<p>&nbsp;<\/p>\n","protected":false},"featured_media":2185,"comment_status":"closed","ping_status":"closed","template":"","meta":[],"product_brand":[331],"product_cat":[72,75],"product_tag":[],"class_list":{"0":"post-7522","1":"product","2":"type-product","3":"status-publish","4":"has-post-thumbnail","6":"product_brand-orca","7":"product_cat-equipement","8":"product_cat-unettes","10":"first","11":"instock","12":"shipping-taxable","13":"purchasable","14":"product-type-variable"},"_links":{"self":[{"href":"https:\/\/natation.ch\/fr\/wp-json\/wp\/v2\/product\/7522","targetHints":{"allow":["GET"]}}],"collection":[{"href":"https:\/\/natation.ch\/fr\/wp-json\/wp\/v2\/product"}],"about":[{"href":"https:\/\/natation.ch\/fr\/wp-json\/wp\/v2\/types\/product"}],"replies":[{"embeddable":true,"href":"https:\/\/natation.ch\/fr\/wp-json\/wp\/v2\/comments?post=7522"}],"wp:featuredmedia":[{"embeddable":true,"href":"https:\/\/natation.ch\/fr\/wp-json\/wp\/v2\/media\/2185"}],"wp:attachment":[{"href":"https:\/\/natation.ch\/fr\/wp-json\/wp\/v2\/media?parent=7522"}],"wp:term":[{"taxonomy":"product_brand","embeddable":true,"href":"https:\/\/natation.ch\/fr\/wp-json\/wp\/v2\/product_brand?post=7522"},{"taxonomy":"product_cat","embeddable":true,"href":"https:\/\/natation.ch\/fr\/wp-json\/wp\/v2\/product_cat?post=7522"},{"taxonomy":"product_tag","embeddable":true,"href":"https:\/\/natation.ch\/fr\/wp-json\/wp\/v2\/product_tag?post=7522"}],"curies":[{"name":"wp","href":"https:\/\/api.w.org\/{rel}","templated":true}]}}