{"id":7489,"date":"2025-11-22T14:55:42","date_gmt":"2025-11-22T14:55:42","guid":{"rendered":"https:\/\/natation.ch\/product\/stability-snorkel\/"},"modified":"2026-01-02T20:01:11","modified_gmt":"2026-01-02T20:01:11","slug":"stability-snorkel","status":"publish","type":"product","link":"https:\/\/natation.ch\/fr\/produit\/stability-snorkel\/","title":{"rendered":"Stability snorkel"},"content":{"rendered":"<div id=\"product-details-features\" class=\"product-details-information-tab-content-container tb-container-col collapse in\" data-type=\"information-content-text\">\n<div class=\"product-details-information-tab-content-container-main\">\n<div class=\"fab-left\">\n<div class=\"col-sm-12\">\n<ul>\n<li><b>PAS DE SUPPORT DE T\u00caTE :<\/b> Design simplifi\u00e9, confortable et stable<\/li>\n<li><b>EMBOUT R\u00c9GLABLE :<\/b> Cinq positions ajustables pour un ajustement personnalis\u00e9<\/li>\n<li><b>R\u00c9GLAGE SIMPLE :<\/b> Sangle de t\u00eate similaire \u00e0 celle d&#8217;un masque de natation<\/li>\n<li><b>EMBOUT EN SILICONE :<\/b> Pivote loin de la bouche quand il n&#8217;est pas utilis\u00e9<\/li>\n<li><b>FORME DYNAMIQUE :<\/b> Facilite l&#8217;\u00e9vacuation de l&#8217;eau du tube<\/li>\n<\/ul>\n<\/div>\n<\/div>\n<\/div>\n<\/div>\n","protected":false},"excerpt":{"rendered":"<p>Con\u00e7u pour \u00eatre utilis\u00e9 par tous les nageurs. En supprimant le support de t\u00eate et en ajoutant un point d&#8217;appui rembourr\u00e9 \u00e0 sa place, les nageurs peuvent s&#8217;entra\u00eener avec ce tuba plus longtemps sans inconfort. Nager avec un tuba \u00e9limine le besoin de tourner la t\u00eate pour respirer, permettant aux nageurs de se concentrer sur leur technique et leur position du corps.<\/p>\n<p>Finis<\/p>\n","protected":false},"featured_media":1499,"comment_status":"closed","ping_status":"closed","template":"","meta":[],"product_brand":[327],"product_cat":[72,92],"product_tag":[],"class_list":{"0":"post-7489","1":"product","2":"type-product","3":"status-publish","4":"has-post-thumbnail","6":"product_brand-finis","7":"product_cat-equipement","8":"product_cat-snorkel","10":"first","11":"instock","12":"shipping-taxable","13":"purchasable","14":"product-type-variable"},"_links":{"self":[{"href":"https:\/\/natation.ch\/fr\/wp-json\/wp\/v2\/product\/7489","targetHints":{"allow":["GET"]}}],"collection":[{"href":"https:\/\/natation.ch\/fr\/wp-json\/wp\/v2\/product"}],"about":[{"href":"https:\/\/natation.ch\/fr\/wp-json\/wp\/v2\/types\/product"}],"replies":[{"embeddable":true,"href":"https:\/\/natation.ch\/fr\/wp-json\/wp\/v2\/comments?post=7489"}],"wp:featuredmedia":[{"embeddable":true,"href":"https:\/\/natation.ch\/fr\/wp-json\/wp\/v2\/media\/1499"}],"wp:attachment":[{"href":"https:\/\/natation.ch\/fr\/wp-json\/wp\/v2\/media?parent=7489"}],"wp:term":[{"taxonomy":"product_brand","embeddable":true,"href":"https:\/\/natation.ch\/fr\/wp-json\/wp\/v2\/product_brand?post=7489"},{"taxonomy":"product_cat","embeddable":true,"href":"https:\/\/natation.ch\/fr\/wp-json\/wp\/v2\/product_cat?post=7489"},{"taxonomy":"product_tag","embeddable":true,"href":"https:\/\/natation.ch\/fr\/wp-json\/wp\/v2\/product_tag?post=7489"}],"curies":[{"name":"wp","href":"https:\/\/api.w.org\/{rel}","templated":true}]}}