{"id":7466,"date":"2025-11-22T14:51:48","date_gmt":"2025-11-22T14:51:48","guid":{"rendered":"https:\/\/natation.ch\/product\/gants-de-natation-openwater-femme\/"},"modified":"2026-01-06T14:36:02","modified_gmt":"2026-01-06T14:36:02","slug":"gants-de-natation-openwater-femme","status":"publish","type":"product","link":"https:\/\/natation.ch\/fr\/produit\/gants-de-natation-openwater-femme\/","title":{"rendered":"Gants de natation openwater femme"},"content":{"rendered":"<p>Mat\u00e9riaux : Ils sont fabriqu\u00e9s en n\u00e9opr\u00e8ne de 3 mm d&#8217;\u00e9paisseur, avec une doublure int\u00e9rieure tr\u00e8s \u00e9lastique pour un meilleur ajustement.<\/p>\n<p>Motif : Le motif extra-long permet aux gants de chevaucher la combinaison pour une meilleure isolation.<\/p>\n<p>Orca<\/p>\n","protected":false},"excerpt":{"rendered":"<p>Les gants Liquid Seam ont des coutures liquides qui emp\u00eachent l&#8217;eau de s&#8217;infiltrer dans les panneaux, prot\u00e9geant ainsi tes mains dans les conditions les plus froides. Avec une \u00e9paisseur de 3 mm et un motif ergonomique, ces gants s&#8217;adaptent parfaitement \u00e0 la position que ta main prendra en nageant en eau libre.<\/p>\n","protected":false},"featured_media":586,"comment_status":"closed","ping_status":"closed","template":"","meta":[],"product_brand":[331],"product_cat":[57,66],"product_tag":[],"class_list":{"0":"post-7466","1":"product","2":"type-product","3":"status-publish","4":"has-post-thumbnail","6":"product_brand-orca","7":"product_cat-accessoires","8":"product_cat-autres-accessoires","10":"first","11":"instock","12":"shipping-taxable","13":"purchasable","14":"product-type-variable"},"_links":{"self":[{"href":"https:\/\/natation.ch\/fr\/wp-json\/wp\/v2\/product\/7466","targetHints":{"allow":["GET"]}}],"collection":[{"href":"https:\/\/natation.ch\/fr\/wp-json\/wp\/v2\/product"}],"about":[{"href":"https:\/\/natation.ch\/fr\/wp-json\/wp\/v2\/types\/product"}],"replies":[{"embeddable":true,"href":"https:\/\/natation.ch\/fr\/wp-json\/wp\/v2\/comments?post=7466"}],"wp:featuredmedia":[{"embeddable":true,"href":"https:\/\/natation.ch\/fr\/wp-json\/wp\/v2\/media\/586"}],"wp:attachment":[{"href":"https:\/\/natation.ch\/fr\/wp-json\/wp\/v2\/media?parent=7466"}],"wp:term":[{"taxonomy":"product_brand","embeddable":true,"href":"https:\/\/natation.ch\/fr\/wp-json\/wp\/v2\/product_brand?post=7466"},{"taxonomy":"product_cat","embeddable":true,"href":"https:\/\/natation.ch\/fr\/wp-json\/wp\/v2\/product_cat?post=7466"},{"taxonomy":"product_tag","embeddable":true,"href":"https:\/\/natation.ch\/fr\/wp-json\/wp\/v2\/product_tag?post=7466"}],"curies":[{"name":"wp","href":"https:\/\/api.w.org\/{rel}","templated":true}]}}