{"id":7435,"date":"2025-11-22T15:10:55","date_gmt":"2025-11-22T15:10:55","guid":{"rendered":"https:\/\/natation.ch\/product\/foil-monofin\/"},"modified":"2026-01-02T19:53:08","modified_gmt":"2026-01-02T19:53:08","slug":"foil-monofin","status":"publish","type":"product","link":"https:\/\/natation.ch\/fr\/produit\/foil-monofin\/","title":{"rendered":"Monopalme Foil"},"content":{"rendered":"<div id=\"product-details-features\" class=\"product-details-information-tab-content-container tb-container-col collapse in\" data-type=\"information-content-text\">\n<div class=\"product-details-information-tab-content-container-main\">\n<div class=\"fab-left\">\n<div class=\"col-sm-12\">\n<ul>\n<li><b>ENTRA\u00ceNEMENT AU MOUVEMENT DE DAUPHIN :<\/b> Favorise le d\u00e9veloppement du mouvement ondulatoire du corps et du mouvement de dauphin propulsif<\/li>\n<li><b>AUGMENTE LA FORCE ET LA SOUPLESSE :<\/b> La grande surface sollicite les muscles du tronc et des jambes plus que les palmes standard ; le talon ouvert augmente l&#8217;amplitude des mouvements<\/li>\n<li><b>CANAUX DE TECHNIQUE :<\/b> Contr\u00f4lent la flexion de la palme et encouragent une ondulation correcte<\/li>\n<li><b>CONFORTABLE ET S\u00dbRE :<\/b> S&#8217;adapte \u00e0 une large gamme de pointures, permet un ajustement s\u00fbr ; l&#8217;espace ouvert pour les orteils cr\u00e9e l&#8217;ajustement le plus confortable<\/li>\n<li><b>MONOPALME SOUPLE :<\/b> La lame en caoutchouc permet aux nageurs de nager en toute s\u00e9curit\u00e9 dans une ligne d&#8217;eau avec plusieurs personnes<\/li>\n<\/ul>\n<\/div>\n<\/div>\n<\/div>\n<\/div>\n","protected":false},"excerpt":{"rendered":"<p><span class=\"s1\">La monopalme Foil enseigne le mouvement complet du corps d\u00e9velopp\u00e9 et popularis\u00e9 par l&#8217;entra\u00eeneur Bob Gillett. Le mouvement complet du corps utilise <\/span>tout le corps pour cr\u00e9er un mouvement de dauphin puissant et ondulatoire dans l&#8217;eau. La monopalme Foil favorise une utilisation \u00e9gale des battements de jambes vers le haut et vers le bas pour la propulsion tout au long du mouvement de dauphin, augmentant ainsi la force du tronc et des jambes. Le caoutchouc naturel offre un ajustement s\u00fbr et confortable.  <\/p>\n<p>Tailles<\/p>\n<p>XS 35-37<\/p>\n<p>S 38-40<\/p>\n<p>M 41-43<\/p>\n<p>L 44-46<\/p>\n<p>XL 47-49<\/p>\n<p>finis<\/p>\n","protected":false},"featured_media":2253,"comment_status":"closed","ping_status":"closed","template":"","meta":[],"product_brand":[327],"product_cat":[72,333],"product_tag":[],"class_list":{"0":"post-7435","1":"product","2":"type-product","3":"status-publish","4":"has-post-thumbnail","6":"product_brand-finis","7":"product_cat-equipement","8":"product_cat-palmes","10":"first","11":"instock","12":"shipping-taxable","13":"purchasable","14":"product-type-variable"},"_links":{"self":[{"href":"https:\/\/natation.ch\/fr\/wp-json\/wp\/v2\/product\/7435","targetHints":{"allow":["GET"]}}],"collection":[{"href":"https:\/\/natation.ch\/fr\/wp-json\/wp\/v2\/product"}],"about":[{"href":"https:\/\/natation.ch\/fr\/wp-json\/wp\/v2\/types\/product"}],"replies":[{"embeddable":true,"href":"https:\/\/natation.ch\/fr\/wp-json\/wp\/v2\/comments?post=7435"}],"wp:featuredmedia":[{"embeddable":true,"href":"https:\/\/natation.ch\/fr\/wp-json\/wp\/v2\/media\/2253"}],"wp:attachment":[{"href":"https:\/\/natation.ch\/fr\/wp-json\/wp\/v2\/media?parent=7435"}],"wp:term":[{"taxonomy":"product_brand","embeddable":true,"href":"https:\/\/natation.ch\/fr\/wp-json\/wp\/v2\/product_brand?post=7435"},{"taxonomy":"product_cat","embeddable":true,"href":"https:\/\/natation.ch\/fr\/wp-json\/wp\/v2\/product_cat?post=7435"},{"taxonomy":"product_tag","embeddable":true,"href":"https:\/\/natation.ch\/fr\/wp-json\/wp\/v2\/product_tag?post=7435"}],"curies":[{"name":"wp","href":"https:\/\/api.w.org\/{rel}","templated":true}]}}