{"id":7227,"date":"2025-11-22T15:11:39","date_gmt":"2025-11-22T15:11:39","guid":{"rendered":"https:\/\/natation.ch\/product\/parachute-de-natation\/"},"modified":"2025-11-22T15:11:39","modified_gmt":"2025-11-22T15:11:39","slug":"parachute-de-natation","status":"publish","type":"product","link":"https:\/\/natation.ch\/fr\/produit\/parachute-de-natation\/","title":{"rendered":"Parachute de natation"},"content":{"rendered":"","protected":false},"excerpt":{"rendered":"<p>Le parachute de natation Finis 20 cm comprend une ceinture confortable et ajustable en nylon reli\u00e9e \u00e0 un parachute. Il offre diff\u00e9rents niveaux de r\u00e9sistance pour l&#8217;entra\u00eenement quotidien. L&#8217;entra\u00eenement en force a prouv\u00e9 son efficacit\u00e9 pour d\u00e9velopper les muscles et augmenter l&#8217;endurance et la vitesse, avec des r\u00e9sultats visibles imm\u00e9diatement apr\u00e8s avoir retir\u00e9 le parachute.  <\/p>\n<p>&nbsp;<\/p>\n","protected":false},"featured_media":7224,"comment_status":"closed","ping_status":"closed","template":"","meta":[],"product_brand":[327],"product_cat":[81,72],"product_tag":[],"class_list":{"0":"post-7227","1":"product","2":"type-product","3":"status-publish","4":"has-post-thumbnail","6":"product_brand-finis","7":"product_cat-autre-equipement","8":"product_cat-equipement","10":"first","11":"instock","12":"shipping-taxable","13":"purchasable","14":"product-type-variable"},"_links":{"self":[{"href":"https:\/\/natation.ch\/fr\/wp-json\/wp\/v2\/product\/7227","targetHints":{"allow":["GET"]}}],"collection":[{"href":"https:\/\/natation.ch\/fr\/wp-json\/wp\/v2\/product"}],"about":[{"href":"https:\/\/natation.ch\/fr\/wp-json\/wp\/v2\/types\/product"}],"replies":[{"embeddable":true,"href":"https:\/\/natation.ch\/fr\/wp-json\/wp\/v2\/comments?post=7227"}],"wp:featuredmedia":[{"embeddable":true,"href":"https:\/\/natation.ch\/fr\/wp-json\/wp\/v2\/media\/7224"}],"wp:attachment":[{"href":"https:\/\/natation.ch\/fr\/wp-json\/wp\/v2\/media?parent=7227"}],"wp:term":[{"taxonomy":"product_brand","embeddable":true,"href":"https:\/\/natation.ch\/fr\/wp-json\/wp\/v2\/product_brand?post=7227"},{"taxonomy":"product_cat","embeddable":true,"href":"https:\/\/natation.ch\/fr\/wp-json\/wp\/v2\/product_cat?post=7227"},{"taxonomy":"product_tag","embeddable":true,"href":"https:\/\/natation.ch\/fr\/wp-json\/wp\/v2\/product_tag?post=7227"}],"curies":[{"name":"wp","href":"https:\/\/api.w.org\/{rel}","templated":true}]}}