{"id":7054,"date":"2025-11-22T19:39:48","date_gmt":"2025-11-22T19:39:48","guid":{"rendered":"https:\/\/natation.ch\/product\/venom-hero-man-tiffany-pink\/"},"modified":"2025-11-22T19:39:48","modified_gmt":"2025-11-22T19:39:48","slug":"venom-hero-man-tiffany-pink","status":"publish","type":"product","link":"https:\/\/natation.ch\/fr\/produit\/venom-hero-man-tiffany-pink\/","title":{"rendered":"Venom Hero Man Tiffany Pink"},"content":{"rendered":"<p>V = v\u00e9locit\u00e9 &#8211; notre premier objectif en cr\u00e9ant ce produit : cr\u00e9er la meilleure combinaison de comp\u00e9tition jamais con\u00e7ue ; E = engineering &#8211; le r\u00e9sultat du travail collectif de notre d\u00e9partement de recherche et d\u00e9veloppement ; N = nouveau &#8211; nouveau dans sa cat\u00e9gorie, nouveau dans sa technologie, nouveau dans son design ; O = original &#8211; cr\u00e9\u00e9 par AKRON ; M = fabrication &#8211; car 100 % de notre gamme de comp\u00e9tition est fi\u00e8rement fabriqu\u00e9e en Italie. Homologation FINA : Approuv\u00e9 FINA pour les comp\u00e9titions nationales et internationales. Les maillots de bain homologu\u00e9s FINA poss\u00e8dent un code-barres FINA unique imprim\u00e9 sur le maillot, le rendant facilement identifiable pour les officiels. VENOM, con\u00e7u pour la vitesse, repr\u00e9sentera la ligne &#8216;Premium&#8217; d&#8217;AKRON. La construction ergonomique plate des soudures aide \u00e0 r\u00e9g\u00e9n\u00e9rer plus rapidement les groupes musculaires cl\u00e9s et double les couches de compression. Le design des bandes externes est con\u00e7u pour am\u00e9liorer la turbulence hydrodynamique, r\u00e9duire l&#8217;entr\u00e9e d&#8217;eau et d\u00e9velopper la glisse. Le double ruban en C r\u00e9fl\u00e9chissant offre la sensation de soulever le bassin pendant la nage et une grande amplitude de mouvement.      <\/p>\n","protected":false},"excerpt":{"rendered":"<p>Akron<br \/>\nCombinaison de Comp\u00e9tition<\/p>\n","protected":false},"featured_media":7051,"comment_status":"closed","ping_status":"closed","template":"","meta":[],"product_brand":[328],"product_cat":[337,97,94],"product_tag":[],"class_list":{"0":"post-7054","1":"product","2":"type-product","3":"status-publish","4":"has-post-thumbnail","6":"product_brand-akron","7":"product_cat-liquiditations","8":"product_cat-masculin","9":"product_cat-racing","11":"first","12":"instock","13":"sale","14":"shipping-taxable","15":"purchasable","16":"product-type-variable"},"_links":{"self":[{"href":"https:\/\/natation.ch\/fr\/wp-json\/wp\/v2\/product\/7054","targetHints":{"allow":["GET"]}}],"collection":[{"href":"https:\/\/natation.ch\/fr\/wp-json\/wp\/v2\/product"}],"about":[{"href":"https:\/\/natation.ch\/fr\/wp-json\/wp\/v2\/types\/product"}],"replies":[{"embeddable":true,"href":"https:\/\/natation.ch\/fr\/wp-json\/wp\/v2\/comments?post=7054"}],"wp:featuredmedia":[{"embeddable":true,"href":"https:\/\/natation.ch\/fr\/wp-json\/wp\/v2\/media\/7051"}],"wp:attachment":[{"href":"https:\/\/natation.ch\/fr\/wp-json\/wp\/v2\/media?parent=7054"}],"wp:term":[{"taxonomy":"product_brand","embeddable":true,"href":"https:\/\/natation.ch\/fr\/wp-json\/wp\/v2\/product_brand?post=7054"},{"taxonomy":"product_cat","embeddable":true,"href":"https:\/\/natation.ch\/fr\/wp-json\/wp\/v2\/product_cat?post=7054"},{"taxonomy":"product_tag","embeddable":true,"href":"https:\/\/natation.ch\/fr\/wp-json\/wp\/v2\/product_tag?post=7054"}],"curies":[{"name":"wp","href":"https:\/\/api.w.org\/{rel}","templated":true}]}}