{"id":6942,"date":"2025-11-22T14:51:34","date_gmt":"2025-11-22T14:51:34","guid":{"rendered":"https:\/\/natation.ch\/product\/neoprene-hood\/"},"modified":"2026-01-06T14:38:32","modified_gmt":"2026-01-06T14:38:32","slug":"neoprene-hood","status":"publish","type":"product","link":"https:\/\/natation.ch\/fr\/produit\/neoprene-hood\/","title":{"rendered":"Cagoule en n\u00e9opr\u00e8ne"},"content":{"rendered":"<p>Chaleur accrue<\/p>\n<p>La doublure thermique Thermal X offre une chaleur accrue, aidant \u00e0 emprisonner la chaleur et \u00e0 \u00e9viter les pertes de chaleur tout au long de votre entra\u00eenement. De plus, la protection du cou offre une isolation thermique et minimise le contact du corps avec l&#8217;eau froide. <\/p>\n<p>Confort<br \/>\nLa forme de ce produit l&#8217;aide \u00e0 s&#8217;adapter parfaitement \u00e0 votre t\u00eate, de sorte qu&#8217;il restera en place pendant vos entra\u00eenements. De plus, la doublure douce offre un confort accru. <\/p>\n<p>\u00c9tanch\u00e9it\u00e9<br \/>\nLa protection du cou emp\u00eache l&#8217;eau de p\u00e9n\u00e9trer dans la r\u00e9gion de la poitrine, aidant \u00e0 maintenir la temp\u00e9rature corporelle.<\/p>\n","protected":false},"excerpt":{"rendered":"<p>Cette cagoule thermique en n\u00e9opr\u00e8ne vous aidera \u00e0 affronter les eaux les plus froides, offrant une isolation thermique maximale \u00e0 la fois pour la t\u00eate et le cou.<\/p>\n<p>Orca<\/p>\n","protected":false},"featured_media":532,"comment_status":"closed","ping_status":"closed","template":"","meta":[],"product_brand":[331],"product_cat":[57,63],"product_tag":[],"class_list":{"0":"post-6942","1":"product","2":"type-product","3":"status-publish","4":"has-post-thumbnail","6":"product_brand-orca","7":"product_cat-accessoires","8":"product_cat-bonnets","10":"first","11":"instock","12":"shipping-taxable","13":"purchasable","14":"product-type-variable"},"_links":{"self":[{"href":"https:\/\/natation.ch\/fr\/wp-json\/wp\/v2\/product\/6942","targetHints":{"allow":["GET"]}}],"collection":[{"href":"https:\/\/natation.ch\/fr\/wp-json\/wp\/v2\/product"}],"about":[{"href":"https:\/\/natation.ch\/fr\/wp-json\/wp\/v2\/types\/product"}],"replies":[{"embeddable":true,"href":"https:\/\/natation.ch\/fr\/wp-json\/wp\/v2\/comments?post=6942"}],"wp:featuredmedia":[{"embeddable":true,"href":"https:\/\/natation.ch\/fr\/wp-json\/wp\/v2\/media\/532"}],"wp:attachment":[{"href":"https:\/\/natation.ch\/fr\/wp-json\/wp\/v2\/media?parent=6942"}],"wp:term":[{"taxonomy":"product_brand","embeddable":true,"href":"https:\/\/natation.ch\/fr\/wp-json\/wp\/v2\/product_brand?post=6942"},{"taxonomy":"product_cat","embeddable":true,"href":"https:\/\/natation.ch\/fr\/wp-json\/wp\/v2\/product_cat?post=6942"},{"taxonomy":"product_tag","embeddable":true,"href":"https:\/\/natation.ch\/fr\/wp-json\/wp\/v2\/product_tag?post=6942"}],"curies":[{"name":"wp","href":"https:\/\/api.w.org\/{rel}","templated":true}]}}