{"id":6391,"date":"2025-11-22T19:41:09","date_gmt":"2025-11-22T19:41:09","guid":{"rendered":"https:\/\/natation.ch\/product\/chronometre-3x300m\/"},"modified":"2025-11-22T19:41:09","modified_gmt":"2025-11-22T19:41:09","slug":"chronometre-3x300m","status":"publish","type":"product","link":"https:\/\/natation.ch\/fr\/produit\/chronometre-3x300m\/","title":{"rendered":"Chronom\u00e8tre 3x300m"},"content":{"rendered":"<p>CHRONOM\u00c8TRE DE TEMPS INTERM\u00c9DIAIRE : Permet 300 temps interm\u00e9diaires et la visualisation des temps cumul\u00e9s et des temps au tour ; Affiche clairement le temps interm\u00e9diaire actuel et le nombre de temps interm\u00e9diaires enregistr\u00e9s.<br \/>\nFACILE \u00c0 LIRE : Affiche clairement le temps de fonctionnement cumul\u00e9 et le temps de fonctionnement actuel au tour.<br \/>\nREVOIR LE TEMPS ACTIF : Permet de revoir la m\u00e9moire actuelle tout en prenant des temps interm\u00e9diaires ; Pas besoin d\u2019arr\u00eater la montre pour revoir la m\u00e9moire.<br \/>\nMODE DE FR\u00c9QUENCE DE BRASSE : Calcule automatiquement la fr\u00e9quence de brasse\/foul\u00e9e ; Programm\u00e9 pour chaque 3e brasse\/foul\u00e9e.<br \/>\nDURABLE : La dur\u00e9e de vie de la pile offre environ 5 ans d\u2019utilisation<\/p>\n","protected":false},"excerpt":{"rendered":"<p>Finis<br \/>\nChronom\u00e8tre \u00e0 m\u00e9moire de 300 temps interm\u00e9diaires<\/p>\n","protected":false},"featured_media":6388,"comment_status":"closed","ping_status":"closed","template":"","meta":[],"product_brand":[327],"product_cat":[81,72,337],"product_tag":[],"class_list":{"0":"post-6391","1":"product","2":"type-product","3":"status-publish","4":"has-post-thumbnail","6":"product_brand-finis","7":"product_cat-autre-equipement","8":"product_cat-equipement","9":"product_cat-liquiditations","11":"first","12":"instock","13":"sale","14":"shipping-taxable","15":"purchasable","16":"product-type-simple"},"_links":{"self":[{"href":"https:\/\/natation.ch\/fr\/wp-json\/wp\/v2\/product\/6391","targetHints":{"allow":["GET"]}}],"collection":[{"href":"https:\/\/natation.ch\/fr\/wp-json\/wp\/v2\/product"}],"about":[{"href":"https:\/\/natation.ch\/fr\/wp-json\/wp\/v2\/types\/product"}],"replies":[{"embeddable":true,"href":"https:\/\/natation.ch\/fr\/wp-json\/wp\/v2\/comments?post=6391"}],"wp:featuredmedia":[{"embeddable":true,"href":"https:\/\/natation.ch\/fr\/wp-json\/wp\/v2\/media\/6388"}],"wp:attachment":[{"href":"https:\/\/natation.ch\/fr\/wp-json\/wp\/v2\/media?parent=6391"}],"wp:term":[{"taxonomy":"product_brand","embeddable":true,"href":"https:\/\/natation.ch\/fr\/wp-json\/wp\/v2\/product_brand?post=6391"},{"taxonomy":"product_cat","embeddable":true,"href":"https:\/\/natation.ch\/fr\/wp-json\/wp\/v2\/product_cat?post=6391"},{"taxonomy":"product_tag","embeddable":true,"href":"https:\/\/natation.ch\/fr\/wp-json\/wp\/v2\/product_tag?post=6391"}],"curies":[{"name":"wp","href":"https:\/\/api.w.org\/{rel}","templated":true}]}}