{"id":6068,"date":"2025-11-22T19:41:32","date_gmt":"2025-11-22T19:41:32","guid":{"rendered":"https:\/\/natation.ch\/product\/predator-flex-polarise\/"},"modified":"2025-11-22T19:41:32","modified_gmt":"2025-11-22T19:41:32","slug":"predator-flex-polarise","status":"publish","type":"product","link":"https:\/\/natation.ch\/fr\/produit\/predator-flex-polarise\/","title":{"rendered":"Predator flex polaris\u00e9"},"content":{"rendered":"<p>Coupe normale et profil plus petit<br \/>\nJoint exclusif Advanced Ultra Fit\u2122, con\u00e7u pour r\u00e9duire la pression autour de l&#8217;orbite pour un confort exceptionnel<br \/>\nVerre polaris\u00e9, id\u00e9al pour un niveau de lumi\u00e8re \u00e9lev\u00e9<br \/>\nCLT\u2122 &#8211; Curved Lens Technology offre une vision p\u00e9riph\u00e9rique \u00e0 180 degr\u00e9s<br \/>\nVerres anti-bu\u00e9e pour t&#8217;assurer de nager avec une vision claire<br \/>\nProtection UV pour prot\u00e9ger tes yeux des niveaux \u00e9lev\u00e9s de lumi\u00e8re et des rayons UV nocifs<br \/>\n3D Flexpoint pour un ajustement encore meilleur<br \/>\nSangle divis\u00e9e pour assurer encore plus de s\u00e9curit\u00e9<br \/>\nSangle \u00e0 ajustement rapide pour le nageur toujours en mouvement<br \/>\nApprouv\u00e9 Fina<\/p>\n","protected":false},"excerpt":{"rendered":"<p>Noir Rouge<br \/>\nZoggs<\/p>\n","protected":false},"featured_media":6065,"comment_status":"closed","ping_status":"closed","template":"","meta":[],"product_brand":[558],"product_cat":[72,75],"product_tag":[],"class_list":{"0":"post-6068","1":"product","2":"type-product","3":"status-publish","4":"has-post-thumbnail","6":"product_brand-zoggs","7":"product_cat-equipement","8":"product_cat-unettes","10":"first","11":"instock","12":"sale","13":"shipping-taxable","14":"purchasable","15":"product-type-simple"},"_links":{"self":[{"href":"https:\/\/natation.ch\/fr\/wp-json\/wp\/v2\/product\/6068","targetHints":{"allow":["GET"]}}],"collection":[{"href":"https:\/\/natation.ch\/fr\/wp-json\/wp\/v2\/product"}],"about":[{"href":"https:\/\/natation.ch\/fr\/wp-json\/wp\/v2\/types\/product"}],"replies":[{"embeddable":true,"href":"https:\/\/natation.ch\/fr\/wp-json\/wp\/v2\/comments?post=6068"}],"wp:featuredmedia":[{"embeddable":true,"href":"https:\/\/natation.ch\/fr\/wp-json\/wp\/v2\/media\/6065"}],"wp:attachment":[{"href":"https:\/\/natation.ch\/fr\/wp-json\/wp\/v2\/media?parent=6068"}],"wp:term":[{"taxonomy":"product_brand","embeddable":true,"href":"https:\/\/natation.ch\/fr\/wp-json\/wp\/v2\/product_brand?post=6068"},{"taxonomy":"product_cat","embeddable":true,"href":"https:\/\/natation.ch\/fr\/wp-json\/wp\/v2\/product_cat?post=6068"},{"taxonomy":"product_tag","embeddable":true,"href":"https:\/\/natation.ch\/fr\/wp-json\/wp\/v2\/product_tag?post=6068"}],"curies":[{"name":"wp","href":"https:\/\/api.w.org\/{rel}","templated":true}]}}