{"id":5677,"date":"2025-11-22T19:41:51","date_gmt":"2025-11-22T19:41:51","guid":{"rendered":"https:\/\/natation.ch\/product\/bouee-de-securite-avec-poche\/"},"modified":"2025-11-22T19:41:51","modified_gmt":"2025-11-22T19:41:51","slug":"bouee-de-securite-avec-poche","status":"publish","type":"product","link":"https:\/\/natation.ch\/fr\/produit\/bouee-de-securite-avec-poche\/","title":{"rendered":"Bou\u00e9e de s\u00e9curit\u00e9 avec poche"},"content":{"rendered":"<p>Si tu cherches un accessoire de natation qui te rend non seulement plus visible dans l&#8217;eau, mais qui te permet aussi de transporter tes affaires tout en les gardant au sec et en s\u00e9curit\u00e9, cette bou\u00e9e de s\u00e9curit\u00e9 Orca est parfaite pour toi.<\/p>\n","protected":false},"excerpt":{"rendered":"<p>Si tu cherches un accessoire de natation qui te rend non seulement plus visible dans l&#8217;eau, mais qui te permet aussi de transporter tes affaires tout en les gardant au sec et en s\u00e9curit\u00e9, cette bou\u00e9e de s\u00e9curit\u00e9 Orca est parfaite pour toi.<\/p>\n","protected":false},"featured_media":5674,"comment_status":"closed","ping_status":"closed","template":"","meta":[],"product_brand":[331],"product_cat":[81,72],"product_tag":[],"class_list":{"0":"post-5677","1":"product","2":"type-product","3":"status-publish","4":"has-post-thumbnail","6":"product_brand-orca","7":"product_cat-autre-equipement","8":"product_cat-equipement","10":"first","11":"instock","12":"featured","13":"shipping-taxable","14":"purchasable","15":"product-type-simple"},"_links":{"self":[{"href":"https:\/\/natation.ch\/fr\/wp-json\/wp\/v2\/product\/5677","targetHints":{"allow":["GET"]}}],"collection":[{"href":"https:\/\/natation.ch\/fr\/wp-json\/wp\/v2\/product"}],"about":[{"href":"https:\/\/natation.ch\/fr\/wp-json\/wp\/v2\/types\/product"}],"replies":[{"embeddable":true,"href":"https:\/\/natation.ch\/fr\/wp-json\/wp\/v2\/comments?post=5677"}],"wp:featuredmedia":[{"embeddable":true,"href":"https:\/\/natation.ch\/fr\/wp-json\/wp\/v2\/media\/5674"}],"wp:attachment":[{"href":"https:\/\/natation.ch\/fr\/wp-json\/wp\/v2\/media?parent=5677"}],"wp:term":[{"taxonomy":"product_brand","embeddable":true,"href":"https:\/\/natation.ch\/fr\/wp-json\/wp\/v2\/product_brand?post=5677"},{"taxonomy":"product_cat","embeddable":true,"href":"https:\/\/natation.ch\/fr\/wp-json\/wp\/v2\/product_cat?post=5677"},{"taxonomy":"product_tag","embeddable":true,"href":"https:\/\/natation.ch\/fr\/wp-json\/wp\/v2\/product_tag?post=5677"}],"curies":[{"name":"wp","href":"https:\/\/api.w.org\/{rel}","templated":true}]}}