{"id":5517,"date":"2025-11-22T19:42:27","date_gmt":"2025-11-22T19:42:27","guid":{"rendered":"https:\/\/natation.ch\/product\/racing-jammer\/"},"modified":"2026-01-05T21:06:34","modified_gmt":"2026-01-05T21:06:34","slug":"racing-jammer","status":"publish","type":"product","link":"https:\/\/natation.ch\/fr\/produit\/racing-jammer\/","title":{"rendered":"Racing Jammer"},"content":{"rendered":"<p>Le Jammer de Comp\u00e9tition est le maillot de bain approuv\u00e9 par World Aquatics, totalement indispensable pour vos comp\u00e9titions de natation en piscine ou en eau libre. Sa construction en tissu HydroSkin+ offre une hydrodynamique imbattable et une compression intense afin d&#8217;am\u00e9liorer les performances. Il int\u00e8gre des coutures thermoscell\u00e9es, positionn\u00e9es de mani\u00e8re strat\u00e9gique pour une meilleure ergonomie, ce qui am\u00e9liore vos performances.  <\/p>\n<p>&nbsp;<\/p>\n<p>Hydrodynamique Maximale<\/p>\n<p>Con\u00e7u pour fendre l&#8217;eau avec une r\u00e9sistance minimale<br \/>\nTissu hydrofuge<\/p>\n","protected":false},"excerpt":{"rendered":"<table width=\"356\">\n<tbody>\n<tr>\n<td width=\"356\"><\/td>\n<\/tr>\n<\/tbody>\n<\/table>\n<p>Totalement indispensable pour vos comp\u00e9titions de natation en piscine ou en eau libre.<\/p>\n<p>Orca<\/p>\n","protected":false},"featured_media":5514,"comment_status":"closed","ping_status":"closed","template":"","meta":[],"product_brand":[331],"product_cat":[97,94],"product_tag":[],"class_list":{"0":"post-5517","1":"product","2":"type-product","3":"status-publish","4":"has-post-thumbnail","6":"product_brand-orca","7":"product_cat-masculin","8":"product_cat-racing","9":"product_shipping_class-petitarticle","11":"first","12":"instock","13":"shipping-taxable","14":"purchasable","15":"product-type-variable"},"_links":{"self":[{"href":"https:\/\/natation.ch\/fr\/wp-json\/wp\/v2\/product\/5517","targetHints":{"allow":["GET"]}}],"collection":[{"href":"https:\/\/natation.ch\/fr\/wp-json\/wp\/v2\/product"}],"about":[{"href":"https:\/\/natation.ch\/fr\/wp-json\/wp\/v2\/types\/product"}],"replies":[{"embeddable":true,"href":"https:\/\/natation.ch\/fr\/wp-json\/wp\/v2\/comments?post=5517"}],"wp:featuredmedia":[{"embeddable":true,"href":"https:\/\/natation.ch\/fr\/wp-json\/wp\/v2\/media\/5514"}],"wp:attachment":[{"href":"https:\/\/natation.ch\/fr\/wp-json\/wp\/v2\/media?parent=5517"}],"wp:term":[{"taxonomy":"product_brand","embeddable":true,"href":"https:\/\/natation.ch\/fr\/wp-json\/wp\/v2\/product_brand?post=5517"},{"taxonomy":"product_cat","embeddable":true,"href":"https:\/\/natation.ch\/fr\/wp-json\/wp\/v2\/product_cat?post=5517"},{"taxonomy":"product_tag","embeddable":true,"href":"https:\/\/natation.ch\/fr\/wp-json\/wp\/v2\/product_tag?post=5517"}],"curies":[{"name":"wp","href":"https:\/\/api.w.org\/{rel}","templated":true}]}}