{"id":5497,"date":"2025-11-22T19:42:44","date_gmt":"2025-11-22T19:42:44","guid":{"rendered":"https:\/\/natation.ch\/product\/mach-1-racing-goggle\/"},"modified":"2026-01-02T19:49:24","modified_gmt":"2026-01-02T19:49:24","slug":"mach-1-racing-goggle","status":"publish","type":"product","link":"https:\/\/natation.ch\/fr\/produit\/mach-1-racing-goggle\/","title":{"rendered":"Lunettes de natation Mach 1"},"content":{"rendered":"<div id=\"product-details-features\" class=\"product-details-information-tab-content-container tb-container-col collapse in\" data-type=\"information-content-text\">\n<div class=\"product-details-information-tab-content-container-main\">\n<div class=\"fab-left\">\n<div class=\"col-sm-12\">\n<ul>\n<li><b>DESIGN&nbsp;:<\/b> Lunettes de course ultra-profil\u00e9es, fabriqu\u00e9es avec une monture et des verres en polycarbonate pour un design lisse et int\u00e9gr\u00e9. Les verres miroirs incurv\u00e9s offrent une vue panoramique et r\u00e9duisent l&#8217;\u00e9blouissement. Traitement antibu\u00e9e et protection UVA\/UVB compl\u00e8te.<\/li>\n<li><b>AJUSTEMENT&nbsp;:<\/b> L&#8217;ing\u00e9nierie de pr\u00e9cision et les joints en silicone de qualit\u00e9 sup\u00e9rieure assurent un ajustement s\u00fbr autour de l&#8217;oeil. Les sangles s&#8217;alignent sur les yeux et r\u00e9partissent la pression uniform\u00e9ment, pour une nage confortable et \u00e9tanche.<\/li>\n<li><b>DANS LA BO\u00ceTE&nbsp;:<\/b> Comprend une paire de lunettes Mach&nbsp;1, cinq ponts de nez interchangeables, un bonnet de bain en silicone blanc sans couture et un sac de transport pour lunettes.<\/li>\n<li><b>APPROUV\u00c9 POUR LA COMP\u00c9TITION&nbsp;:<\/b> Approuv\u00e9 par la FINA-World Aquatics<\/li>\n<\/ul>\n<\/div>\n<\/div>\n<\/div>\n<\/div>\n","protected":false},"excerpt":{"rendered":"<p><span class=\"s1\">Con\u00e7ues pour les nageurs et nageuses d&#8217;\u00e9lite, les lunettes Mach&nbsp;1 offrent une exp\u00e9rience visuelle in\u00e9gal\u00e9e. Une monture ultra-profil\u00e9e optimise l&#8217;hydrodynamisme afin de minimiser la tra\u00een\u00e9e. Les joints oculaires en silicone de qualit\u00e9 sup\u00e9rieure offrent un ajustement confortable et s\u00fbr pour des d\u00e9parts explosifs et des virages puissants. Les doubles sangles en silicone sont int\u00e9gr\u00e9es \u00e0 la monture pour r\u00e9partir uniform\u00e9ment la pression, emp\u00eachant les fuites et assurant le confort. Votre d\u00e9part le plus rapide commence ici.<\/span><\/p>\n<p>finis<\/p>\n","protected":false},"featured_media":5494,"comment_status":"closed","ping_status":"closed","template":"","meta":[],"product_brand":[327],"product_cat":[72,75],"product_tag":[],"class_list":{"0":"post-5497","1":"product","2":"type-product","3":"status-publish","4":"has-post-thumbnail","6":"product_brand-finis","7":"product_cat-equipement","8":"product_cat-unettes","10":"first","11":"instock","12":"shipping-taxable","13":"purchasable","14":"product-type-variable"},"_links":{"self":[{"href":"https:\/\/natation.ch\/fr\/wp-json\/wp\/v2\/product\/5497","targetHints":{"allow":["GET"]}}],"collection":[{"href":"https:\/\/natation.ch\/fr\/wp-json\/wp\/v2\/product"}],"about":[{"href":"https:\/\/natation.ch\/fr\/wp-json\/wp\/v2\/types\/product"}],"replies":[{"embeddable":true,"href":"https:\/\/natation.ch\/fr\/wp-json\/wp\/v2\/comments?post=5497"}],"wp:featuredmedia":[{"embeddable":true,"href":"https:\/\/natation.ch\/fr\/wp-json\/wp\/v2\/media\/5494"}],"wp:attachment":[{"href":"https:\/\/natation.ch\/fr\/wp-json\/wp\/v2\/media?parent=5497"}],"wp:term":[{"taxonomy":"product_brand","embeddable":true,"href":"https:\/\/natation.ch\/fr\/wp-json\/wp\/v2\/product_brand?post=5497"},{"taxonomy":"product_cat","embeddable":true,"href":"https:\/\/natation.ch\/fr\/wp-json\/wp\/v2\/product_cat?post=5497"},{"taxonomy":"product_tag","embeddable":true,"href":"https:\/\/natation.ch\/fr\/wp-json\/wp\/v2\/product_tag?post=5497"}],"curies":[{"name":"wp","href":"https:\/\/api.w.org\/{rel}","templated":true}]}}