{"id":5036,"date":"2025-11-22T19:43:31","date_gmt":"2025-11-22T19:43:31","guid":{"rendered":"https:\/\/natation.ch\/product\/linge-en-microfibre\/"},"modified":"2025-11-22T19:43:31","modified_gmt":"2025-11-22T19:43:31","slug":"linge-en-microfibre","status":"publish","type":"product","link":"https:\/\/natation.ch\/fr\/produit\/linge-en-microfibre\/","title":{"rendered":"Linge en Microfibre"},"content":{"rendered":"<p>Grande serviette de sport extr\u00eamement l\u00e9g\u00e8re et absorbante<br \/>\nMicrofibre extr\u00eamement l\u00e9g\u00e8re, absorbante et douce. Le mat\u00e9riau principal de ce produit est certifi\u00e9 par le Global Recycle Standard.<br \/>\nExtra fine, id\u00e9ale \u00e0 emporter. Facile \u00e0 plier et avec un \u00e9lastique pour un rangement pratique. Dimensions : 150 x 90 cm<br \/>\nId\u00e9ale pour la piscine, le sport et les voyages<br \/>\n90 % polyester, 10 % polyamide (\u00e9cologique : 100 % du polyester est recycl\u00e9)   <\/p>\n","protected":false},"excerpt":{"rendered":"<p>150 x 90<br \/>\nArena<\/p>\n","protected":false},"featured_media":5029,"comment_status":"closed","ping_status":"closed","template":"","meta":[],"product_brand":[329],"product_cat":[57,69],"product_tag":[],"class_list":{"0":"post-5036","1":"product","2":"type-product","3":"status-publish","4":"has-post-thumbnail","6":"product_brand-arena","7":"product_cat-accessoires","8":"product_cat-linges","10":"first","11":"instock","12":"shipping-taxable","13":"purchasable","14":"product-type-variable"},"_links":{"self":[{"href":"https:\/\/natation.ch\/fr\/wp-json\/wp\/v2\/product\/5036","targetHints":{"allow":["GET"]}}],"collection":[{"href":"https:\/\/natation.ch\/fr\/wp-json\/wp\/v2\/product"}],"about":[{"href":"https:\/\/natation.ch\/fr\/wp-json\/wp\/v2\/types\/product"}],"replies":[{"embeddable":true,"href":"https:\/\/natation.ch\/fr\/wp-json\/wp\/v2\/comments?post=5036"}],"wp:featuredmedia":[{"embeddable":true,"href":"https:\/\/natation.ch\/fr\/wp-json\/wp\/v2\/media\/5029"}],"wp:attachment":[{"href":"https:\/\/natation.ch\/fr\/wp-json\/wp\/v2\/media?parent=5036"}],"wp:term":[{"taxonomy":"product_brand","embeddable":true,"href":"https:\/\/natation.ch\/fr\/wp-json\/wp\/v2\/product_brand?post=5036"},{"taxonomy":"product_cat","embeddable":true,"href":"https:\/\/natation.ch\/fr\/wp-json\/wp\/v2\/product_cat?post=5036"},{"taxonomy":"product_tag","embeddable":true,"href":"https:\/\/natation.ch\/fr\/wp-json\/wp\/v2\/product_tag?post=5036"}],"curies":[{"name":"wp","href":"https:\/\/api.w.org\/{rel}","templated":true}]}}