{"id":5012,"date":"2025-11-22T19:43:31","date_gmt":"2025-11-22T19:43:31","guid":{"rendered":"https:\/\/natation.ch\/product\/cobra-edge-swipe-mirror\/"},"modified":"2026-01-04T21:12:34","modified_gmt":"2026-01-04T21:12:34","slug":"cobra-edge-swipe-mirror","status":"publish","type":"product","link":"https:\/\/natation.ch\/fr\/produit\/cobra-edge-swipe-mirror\/","title":{"rendered":"Cobra Edge Swipe Mirror"},"content":{"rendered":"","protected":false},"excerpt":{"rendered":"<p>Ces lunettes de natation de comp\u00e9tition \u00e0 effet miroir offrent une combinaison imbattable de technologie, d&#8217;ajustement et de vision optimale. Dot\u00e9es de la technologie antibu\u00e9e innovante Swipe.<br \/>\nSwipe&nbsp;: la meilleure protection contre la bu\u00e9e. La protection dure dix fois plus longtemps et peut \u00eatre r\u00e9activ\u00e9e en frottant l&#8217;int\u00e9rieur de la lentille avec votre doigt.<br \/>\nForme sp\u00e9ciale des lentilles pour une vision lat\u00e9rale et ascendante am\u00e9lior\u00e9e. Conception hydrodynamique mince. Cinq ponts de nez interchangeables. Double bandeau. Protection UV.<br \/>\nApprouv\u00e9es par WORLD AQUATICS<br \/>\nCes lunettes de natation avec verres semi-fonc\u00e9s conviennent \u00e0 tous les domaines d&#8217;utilisation, aux conditions de lumi\u00e8re variables et \u00e0 la luminosit\u00e9 moyenne.      <\/p>\n<p>Arena<\/p>\n","protected":false},"featured_media":4993,"comment_status":"closed","ping_status":"closed","template":"","meta":[],"product_brand":[329],"product_cat":[72,75],"product_tag":[],"class_list":{"0":"post-5012","1":"product","2":"type-product","3":"status-publish","4":"has-post-thumbnail","6":"product_brand-arena","7":"product_cat-equipement","8":"product_cat-unettes","10":"first","11":"instock","12":"sale","13":"shipping-taxable","14":"purchasable","15":"product-type-variable"},"_links":{"self":[{"href":"https:\/\/natation.ch\/fr\/wp-json\/wp\/v2\/product\/5012","targetHints":{"allow":["GET"]}}],"collection":[{"href":"https:\/\/natation.ch\/fr\/wp-json\/wp\/v2\/product"}],"about":[{"href":"https:\/\/natation.ch\/fr\/wp-json\/wp\/v2\/types\/product"}],"replies":[{"embeddable":true,"href":"https:\/\/natation.ch\/fr\/wp-json\/wp\/v2\/comments?post=5012"}],"wp:featuredmedia":[{"embeddable":true,"href":"https:\/\/natation.ch\/fr\/wp-json\/wp\/v2\/media\/4993"}],"wp:attachment":[{"href":"https:\/\/natation.ch\/fr\/wp-json\/wp\/v2\/media?parent=5012"}],"wp:term":[{"taxonomy":"product_brand","embeddable":true,"href":"https:\/\/natation.ch\/fr\/wp-json\/wp\/v2\/product_brand?post=5012"},{"taxonomy":"product_cat","embeddable":true,"href":"https:\/\/natation.ch\/fr\/wp-json\/wp\/v2\/product_cat?post=5012"},{"taxonomy":"product_tag","embeddable":true,"href":"https:\/\/natation.ch\/fr\/wp-json\/wp\/v2\/product_tag?post=5012"}],"curies":[{"name":"wp","href":"https:\/\/api.w.org\/{rel}","templated":true}]}}