{"id":4514,"date":"2025-11-22T19:44:26","date_gmt":"2025-11-22T19:44:26","guid":{"rendered":"https:\/\/natation.ch\/product\/catch-up-clutch-bag-wetta-preta\/"},"modified":"2026-01-05T20:54:28","modified_gmt":"2026-01-05T20:54:28","slug":"catch-up-clutch-bag-wetta-preta","status":"publish","type":"product","link":"https:\/\/natation.ch\/fr\/produit\/catch-up-clutch-bag-wetta-preta\/","title":{"rendered":"Pochette Catch up Wetta Preta"},"content":{"rendered":"","protected":false},"excerpt":{"rendered":"<p>Fabriqu\u00e9e en silicone souple avec une dragonne et une fermeture \u00e9clair. Bien qu&#8217;elle ne soit pas \u00e9tanche, cette pochette prot\u00e9gera votre t\u00e9l\u00e9phone ou vos petits effets personnels des chutes \u00e0 la piscine ou du sable \u00e0 la plage. 17 cm x 10 cm, 2,5 cm d&#8217;\u00e9paisseur.  <\/p>\n<p>Funkita<\/p>\n","protected":false},"featured_media":4482,"comment_status":"closed","ping_status":"closed","template":"","meta":[],"product_brand":[325],"product_cat":[57,60],"product_tag":[],"class_list":{"0":"post-4514","1":"product","2":"type-product","3":"status-publish","4":"has-post-thumbnail","6":"product_brand-funkita","7":"product_cat-accessoires","8":"product_cat-sacs","9":"product_shipping_class-petitarticle","11":"first","12":"instock","13":"shipping-taxable","14":"purchasable","15":"product-type-simple"},"_links":{"self":[{"href":"https:\/\/natation.ch\/fr\/wp-json\/wp\/v2\/product\/4514","targetHints":{"allow":["GET"]}}],"collection":[{"href":"https:\/\/natation.ch\/fr\/wp-json\/wp\/v2\/product"}],"about":[{"href":"https:\/\/natation.ch\/fr\/wp-json\/wp\/v2\/types\/product"}],"replies":[{"embeddable":true,"href":"https:\/\/natation.ch\/fr\/wp-json\/wp\/v2\/comments?post=4514"}],"wp:featuredmedia":[{"embeddable":true,"href":"https:\/\/natation.ch\/fr\/wp-json\/wp\/v2\/media\/4482"}],"wp:attachment":[{"href":"https:\/\/natation.ch\/fr\/wp-json\/wp\/v2\/media?parent=4514"}],"wp:term":[{"taxonomy":"product_brand","embeddable":true,"href":"https:\/\/natation.ch\/fr\/wp-json\/wp\/v2\/product_brand?post=4514"},{"taxonomy":"product_cat","embeddable":true,"href":"https:\/\/natation.ch\/fr\/wp-json\/wp\/v2\/product_cat?post=4514"},{"taxonomy":"product_tag","embeddable":true,"href":"https:\/\/natation.ch\/fr\/wp-json\/wp\/v2\/product_tag?post=4514"}],"curies":[{"name":"wp","href":"https:\/\/api.w.org\/{rel}","templated":true}]}}