{"id":3671,"date":"2025-11-22T14:49:24","date_gmt":"2025-11-22T14:49:24","guid":{"rendered":"https:\/\/natation.ch\/product\/planche-dalignement\/"},"modified":"2026-01-06T13:57:24","modified_gmt":"2026-01-06T13:57:24","slug":"alignement-kickboard","status":"publish","type":"product","link":"https:\/\/natation.ch\/fr\/produit\/alignement-kickboard\/","title":{"rendered":"Alignement Kickboard"},"content":{"rendered":"<p><span id=\"desc\" class=\"addReadMore showlesscontent\">Caract\u00e9ristiques :<\/span><\/p>\n<p>&#8211; Profil hydrodynamique : Favorise une position du corps profil\u00e9e des doigts aux orteils<br \/>\n&#8211; Conception submersible : Cr\u00e9e un alignement id\u00e9al du corps lorsqu&#8217;utilis\u00e9e juste sous la surface de l&#8217;eau<br \/>\n&#8211; Sangle de main stabilisatrice : Permet de contr\u00f4ler la planche sans la saisir, et place les mains et les bras dans une position profil\u00e9e correcte<br \/>\n&#8211; S\u00fbre pour les \u00e9paules : Design plus petit r\u00e9duisant la pression sur les \u00e9paules<br \/>\n&#8211; Structure l\u00e9g\u00e8re : Cadre compact facilitant le rangement et le transport<br \/>\n&#8211; Pour les quatre nages : Id\u00e9ale pour le battement standard, les exercices \u00e0 un bras et le battement lat\u00e9ral dans les quatre nages de comp\u00e9tition<br \/>\n&#8211; Mousse EVA : Offre durabilit\u00e9 et pr\u00e9vient l&#8217;irritation de la peau<\/p>\n","protected":false},"excerpt":{"rendered":"<p><span id=\"desc\" class=\"addReadMore showlesscontent\">La planche d&#8217;alignement utilise un design hydrodynamique pour am\u00e9liorer la position du corps. La sangle de main stabilisatrice permet un contr\u00f4le complet de la planche sans la saisir, cr\u00e9ant un alignement parfait des doigts aux orteils. Lorsqu&#8217;elle est utilis\u00e9e correctement, la planche d&#8217;alignement se situe juste sous la surface de l&#8217;eau, permettant aux nageurs d&#8217;allonger leur corps sans battre des jambes en pente. Plus courte dans sa conception, la planche d&#8217;alignement exerce moins de pression sur les \u00e9paules par rapport aux planches standard. Excellent outil d&#8217;entra\u00eenement, la planche peut \u00eatre utilis\u00e9e pour des exercices \u00e0 un bras et des battements lat\u00e9raux en plus du battement normal. Associ\u00e9e \u00e0 un tuba, la planche d&#8217;alignement favorise un bon alignement de la t\u00eate et am\u00e9liore la technique globale.<\/span><\/p>\n<p>&nbsp;<\/p>\n","protected":false},"featured_media":2465,"comment_status":"closed","ping_status":"closed","template":"","meta":[],"product_brand":[327],"product_cat":[72,78],"product_tag":[],"class_list":{"0":"post-3671","1":"product","2":"type-product","3":"status-publish","4":"has-post-thumbnail","6":"product_brand-finis","7":"product_cat-equipement","8":"product_cat-kickboard","10":"first","11":"instock","12":"shipping-taxable","13":"purchasable","14":"product-type-simple"},"_links":{"self":[{"href":"https:\/\/natation.ch\/fr\/wp-json\/wp\/v2\/product\/3671","targetHints":{"allow":["GET"]}}],"collection":[{"href":"https:\/\/natation.ch\/fr\/wp-json\/wp\/v2\/product"}],"about":[{"href":"https:\/\/natation.ch\/fr\/wp-json\/wp\/v2\/types\/product"}],"replies":[{"embeddable":true,"href":"https:\/\/natation.ch\/fr\/wp-json\/wp\/v2\/comments?post=3671"}],"wp:featuredmedia":[{"embeddable":true,"href":"https:\/\/natation.ch\/fr\/wp-json\/wp\/v2\/media\/2465"}],"wp:attachment":[{"href":"https:\/\/natation.ch\/fr\/wp-json\/wp\/v2\/media?parent=3671"}],"wp:term":[{"taxonomy":"product_brand","embeddable":true,"href":"https:\/\/natation.ch\/fr\/wp-json\/wp\/v2\/product_brand?post=3671"},{"taxonomy":"product_cat","embeddable":true,"href":"https:\/\/natation.ch\/fr\/wp-json\/wp\/v2\/product_cat?post=3671"},{"taxonomy":"product_tag","embeddable":true,"href":"https:\/\/natation.ch\/fr\/wp-json\/wp\/v2\/product_tag?post=3671"}],"curies":[{"name":"wp","href":"https:\/\/api.w.org\/{rel}","templated":true}]}}