{"id":3668,"date":"2025-11-22T14:49:25","date_gmt":"2025-11-22T14:49:25","guid":{"rendered":"https:\/\/natation.ch\/product\/spray-antibuee\/"},"modified":"2026-01-04T21:09:33","modified_gmt":"2026-01-04T21:09:33","slug":"spray-antibuee","status":"publish","type":"product","link":"https:\/\/natation.ch\/fr\/produit\/spray-antibuee\/","title":{"rendered":"Spray ANTIBU\u00c9E"},"content":{"rendered":"","protected":false},"excerpt":{"rendered":"<p>Arena<br \/>\nLe spray anti-bu\u00e9e innovant d&#8217;arena permet de rafra\u00eechir rapidement et facilement le rev\u00eatement anti-bu\u00e9e des lunettes de natation. Il peut \u00eatre pulv\u00e9ris\u00e9 directement sur l&#8217;int\u00e9rieur des verres \u00e0 une distance d&#8217;environ 20 cm et n&#8217;a pas besoin d&#8217;\u00eatre rinc\u00e9. Les lunettes de natation peuvent \u00eatre r\u00e9utilis\u00e9es imm\u00e9diatement sans temps d&#8217;exposition. Le spray est doux pour les yeux et tr\u00e8s \u00e9conomique. Il suffit pour environ 150 applications.<\/p>\n","protected":false},"featured_media":8834,"comment_status":"closed","ping_status":"closed","template":"","meta":[],"product_brand":[329],"product_cat":[81,72,75],"product_tag":[],"class_list":{"0":"post-3668","1":"product","2":"type-product","3":"status-publish","4":"has-post-thumbnail","6":"product_brand-arena","7":"product_cat-autre-equipement","8":"product_cat-equipement","9":"product_cat-unettes","11":"first","12":"instock","13":"shipping-taxable","14":"purchasable","15":"product-type-simple"},"_links":{"self":[{"href":"https:\/\/natation.ch\/fr\/wp-json\/wp\/v2\/product\/3668","targetHints":{"allow":["GET"]}}],"collection":[{"href":"https:\/\/natation.ch\/fr\/wp-json\/wp\/v2\/product"}],"about":[{"href":"https:\/\/natation.ch\/fr\/wp-json\/wp\/v2\/types\/product"}],"replies":[{"embeddable":true,"href":"https:\/\/natation.ch\/fr\/wp-json\/wp\/v2\/comments?post=3668"}],"wp:featuredmedia":[{"embeddable":true,"href":"https:\/\/natation.ch\/fr\/wp-json\/wp\/v2\/media\/8834"}],"wp:attachment":[{"href":"https:\/\/natation.ch\/fr\/wp-json\/wp\/v2\/media?parent=3668"}],"wp:term":[{"taxonomy":"product_brand","embeddable":true,"href":"https:\/\/natation.ch\/fr\/wp-json\/wp\/v2\/product_brand?post=3668"},{"taxonomy":"product_cat","embeddable":true,"href":"https:\/\/natation.ch\/fr\/wp-json\/wp\/v2\/product_cat?post=3668"},{"taxonomy":"product_tag","embeddable":true,"href":"https:\/\/natation.ch\/fr\/wp-json\/wp\/v2\/product_tag?post=3668"}],"curies":[{"name":"wp","href":"https:\/\/api.w.org\/{rel}","templated":true}]}}