{"id":13537,"date":"2026-05-05T19:35:07","date_gmt":"2026-05-05T19:35:07","guid":{"rendered":"https:\/\/natation.ch\/product\/killa-performance\/"},"modified":"2026-05-05T19:35:07","modified_gmt":"2026-05-05T19:35:07","slug":"killa-performance","status":"publish","type":"product","link":"https:\/\/natation.ch\/fr\/produit\/killa-performance\/","title":{"rendered":"Killa Performance"},"content":{"rendered":"<h3>Ajustement optimal<\/h3>\n<p>Le silicone ergonomique et tridimensionnel s&#8217;adapte \u00e0 toutes les formes de visage et r\u00e9duit la pression oculaire, offrant un confort optimal et une \u00e9tanch\u00e9it\u00e9 parfaite.<\/p>\n<h3>Hydrodynamisme<\/h3>\n<p>Ces lunettes ont \u00e9t\u00e9 soigneusement con\u00e7ues pour minimiser la friction avec l&#8217;eau, t&#8217;aidant \u00e0 gagner de pr\u00e9cieuses secondes lors de la nage.<\/p>\n<h3>Anti-bu\u00e9e<\/h3>\n<p>Ces lunettes sont dot\u00e9es d&#8217;un rev\u00eatement ANTI-BU\u00c9E plus durable que d&#8217;autres mod\u00e8les, t&#8217;offrant une vision claire plus longtemps.<\/p>\n<h3>Protection<\/h3>\n<p>Toutes les lentilles disponibles sont conformes aux r\u00e9glementations ISO-18527-3 et offrent une protection UV 380.<\/p>\n<h3>Composition :<\/h3>\n<p>Silicone : 37 %, TPE : 13 %, PC : 47 %<\/p>\n","protected":false},"excerpt":{"rendered":"<p>Ajustement optimal Le silicone ergonomique et tridimensionnel s&#8217;adapte \u00e0 toutes les formes de visage et r\u00e9duit la pression oculaire, offrant un confort optimal et une \u00e9tanch\u00e9it\u00e9 parfaite. Hydrodynamisme Ces lunettes ont \u00e9t\u00e9 soigneusement con\u00e7ues pour minimiser la friction avec l&#8217;eau, t&#8217;aidant \u00e0 gagner de pr\u00e9cieuses secondes lors de la nage. Anti-bu\u00e9e Ces lunettes sont dot\u00e9es [&hellip;]<\/p>\n","protected":false},"featured_media":13534,"comment_status":"open","ping_status":"closed","template":"","meta":[],"product_brand":[331],"product_cat":[75],"product_tag":[],"class_list":{"0":"post-13537","1":"product","2":"type-product","3":"status-publish","4":"has-post-thumbnail","6":"product_brand-orca","7":"product_cat-unettes","9":"first","10":"outofstock","11":"shipping-taxable","12":"purchasable","13":"product-type-variable"},"_links":{"self":[{"href":"https:\/\/natation.ch\/fr\/wp-json\/wp\/v2\/product\/13537","targetHints":{"allow":["GET"]}}],"collection":[{"href":"https:\/\/natation.ch\/fr\/wp-json\/wp\/v2\/product"}],"about":[{"href":"https:\/\/natation.ch\/fr\/wp-json\/wp\/v2\/types\/product"}],"replies":[{"embeddable":true,"href":"https:\/\/natation.ch\/fr\/wp-json\/wp\/v2\/comments?post=13537"}],"wp:featuredmedia":[{"embeddable":true,"href":"https:\/\/natation.ch\/fr\/wp-json\/wp\/v2\/media\/13534"}],"wp:attachment":[{"href":"https:\/\/natation.ch\/fr\/wp-json\/wp\/v2\/media?parent=13537"}],"wp:term":[{"taxonomy":"product_brand","embeddable":true,"href":"https:\/\/natation.ch\/fr\/wp-json\/wp\/v2\/product_brand?post=13537"},{"taxonomy":"product_cat","embeddable":true,"href":"https:\/\/natation.ch\/fr\/wp-json\/wp\/v2\/product_cat?post=13537"},{"taxonomy":"product_tag","embeddable":true,"href":"https:\/\/natation.ch\/fr\/wp-json\/wp\/v2\/product_tag?post=13537"}],"curies":[{"name":"wp","href":"https:\/\/api.w.org\/{rel}","templated":true}]}}