{"id":13111,"date":"2026-03-28T19:34:12","date_gmt":"2026-03-28T19:34:12","guid":{"rendered":"https:\/\/natation.ch\/product\/the-one-plus-polarisees-bleu-noir\/"},"modified":"2026-03-28T19:34:12","modified_gmt":"2026-03-28T19:34:12","slug":"the-one-plus-polarisees-bleu-noir","status":"publish","type":"product","link":"https:\/\/natation.ch\/fr\/produit\/the-one-plus-polarisees-bleu-noir\/","title":{"rendered":"The One Plus Polaris\u00e9es Bleu\/Noir"},"content":{"rendered":"<p>Des lunettes de natation polaris\u00e9es au style affirm\u00e9 qui s\u2019adaptent \u00e0 la plupart des formes de visage, pour un confort et un ajustement \u00e0 un tout autre niveau. Avec une nouvelle technologie antibu\u00e9e qui dure deux fois plus longtemps.<br \/>\nJoints sp\u00e9ciaux avec technologie Orbit-Proof qui s\u2019adaptent \u00e0 presque toutes les formes de visage pour \u00e9viter les fuites<br \/>\nDesign profil\u00e9 pour une vision p\u00e9riph\u00e9rique optimale. La sangle fendue est facile \u00e0 ajuster. Avec protection UV.<br \/>\nId\u00e9ales pour les nageurs de comp\u00e9tition et les triathl\u00e8tes<br \/>\nCes lunettes de natation \u00e0 verres fonc\u00e9s sont id\u00e9ales pour nager dans des environnements tr\u00e8s lumineux et pour une protection optimale contre la lumi\u00e8re.   <\/p>\n","protected":false},"excerpt":{"rendered":"<p>Lunettes de natation, miroir, unisexe, antibu\u00e9e, confortables, styl\u00e9es, grandes, universelles, simples<br \/>\nArena<\/p>\n","protected":false},"featured_media":13092,"comment_status":"open","ping_status":"closed","template":"","meta":[],"product_brand":[329],"product_cat":[75],"product_tag":[],"class_list":{"0":"post-13111","1":"product","2":"type-product","3":"status-publish","4":"has-post-thumbnail","6":"product_brand-arena","7":"product_cat-unettes","9":"first","10":"instock","11":"sale","12":"shipping-taxable","13":"purchasable","14":"product-type-simple"},"_links":{"self":[{"href":"https:\/\/natation.ch\/fr\/wp-json\/wp\/v2\/product\/13111","targetHints":{"allow":["GET"]}}],"collection":[{"href":"https:\/\/natation.ch\/fr\/wp-json\/wp\/v2\/product"}],"about":[{"href":"https:\/\/natation.ch\/fr\/wp-json\/wp\/v2\/types\/product"}],"replies":[{"embeddable":true,"href":"https:\/\/natation.ch\/fr\/wp-json\/wp\/v2\/comments?post=13111"}],"wp:featuredmedia":[{"embeddable":true,"href":"https:\/\/natation.ch\/fr\/wp-json\/wp\/v2\/media\/13092"}],"wp:attachment":[{"href":"https:\/\/natation.ch\/fr\/wp-json\/wp\/v2\/media?parent=13111"}],"wp:term":[{"taxonomy":"product_brand","embeddable":true,"href":"https:\/\/natation.ch\/fr\/wp-json\/wp\/v2\/product_brand?post=13111"},{"taxonomy":"product_cat","embeddable":true,"href":"https:\/\/natation.ch\/fr\/wp-json\/wp\/v2\/product_cat?post=13111"},{"taxonomy":"product_tag","embeddable":true,"href":"https:\/\/natation.ch\/fr\/wp-json\/wp\/v2\/product_tag?post=13111"}],"curies":[{"name":"wp","href":"https:\/\/api.w.org\/{rel}","templated":true}]}}