{"id":12958,"date":"2026-03-27T13:51:57","date_gmt":"2026-03-27T13:51:57","guid":{"rendered":"https:\/\/natation.ch\/product\/powerfin-pro-ii-sage-arctic-lime\/"},"modified":"2026-03-27T13:51:57","modified_gmt":"2026-03-27T13:51:57","slug":"powerfin-pro-ii-sage-arctic-lime","status":"publish","type":"product","link":"https:\/\/natation.ch\/fr\/produit\/powerfin-pro-ii-sage-arctic-lime\/","title":{"rendered":"Powerfin Pro II Sage \/ Arctic Lime"},"content":{"rendered":"<p>Sans PVC.<br \/>\nAide \u00e0 l\u2019entra\u00eenement pour nageurs avanc\u00e9s afin d\u2019am\u00e9liorer la technique de jambe et pour le renforcement musculaire.<br \/>\nPalme courte pour une pouss\u00e9e maximale vers l\u2019avant. Bords lat\u00e9raux pour un meilleur contr\u00f4le. Talon ouvert pour une stabilit\u00e9 et un confort optimaux.<br \/>\nSilicone durable pour un confort maximal et un risque r\u00e9duit d\u2019ampoules. Sans PVC. Les c\u00f4t\u00e9s gauche et droit sont form\u00e9s individuellement.<br \/>\nId\u00e9al pour les nageurs de comp\u00e9tition    <\/p>\n","protected":false},"excerpt":{"rendered":"<p>La palme d\u2019entra\u00eenement courte unisexe arena Powerfin Pro II est id\u00e9ale pour les nageurs de comp\u00e9tition. Elle est con\u00e7ue pour le renforcement musculaire et l\u2019am\u00e9lioration de la technique de jambe. Elle est dot\u00e9e d\u2019une palme courte pour une propulsion maximale vers l\u2019avant. La sangle de talon ouverte assure une flexibilit\u00e9 maximale de la cheville, une stabilit\u00e9 optimale et un grand confort. Les palmes gauche et droite ont des formes ergonomiques diff\u00e9rentes. Le mat\u00e9riau en silicone souple assure un confort maximal et r\u00e9duit le risque d\u2019ampoules.<br \/>\nArena     <\/p>\n","protected":false},"featured_media":12955,"comment_status":"open","ping_status":"closed","template":"","meta":[],"product_brand":[329],"product_cat":[333],"product_tag":[],"class_list":{"0":"post-12958","1":"product","2":"type-product","3":"status-publish","4":"has-post-thumbnail","6":"product_brand-arena","7":"product_cat-palmes","9":"first","10":"instock","11":"sale","12":"shipping-taxable","13":"purchasable","14":"product-type-variable"},"_links":{"self":[{"href":"https:\/\/natation.ch\/fr\/wp-json\/wp\/v2\/product\/12958","targetHints":{"allow":["GET"]}}],"collection":[{"href":"https:\/\/natation.ch\/fr\/wp-json\/wp\/v2\/product"}],"about":[{"href":"https:\/\/natation.ch\/fr\/wp-json\/wp\/v2\/types\/product"}],"replies":[{"embeddable":true,"href":"https:\/\/natation.ch\/fr\/wp-json\/wp\/v2\/comments?post=12958"}],"wp:featuredmedia":[{"embeddable":true,"href":"https:\/\/natation.ch\/fr\/wp-json\/wp\/v2\/media\/12955"}],"wp:attachment":[{"href":"https:\/\/natation.ch\/fr\/wp-json\/wp\/v2\/media?parent=12958"}],"wp:term":[{"taxonomy":"product_brand","embeddable":true,"href":"https:\/\/natation.ch\/fr\/wp-json\/wp\/v2\/product_brand?post=12958"},{"taxonomy":"product_cat","embeddable":true,"href":"https:\/\/natation.ch\/fr\/wp-json\/wp\/v2\/product_cat?post=12958"},{"taxonomy":"product_tag","embeddable":true,"href":"https:\/\/natation.ch\/fr\/wp-json\/wp\/v2\/product_tag?post=12958"}],"curies":[{"name":"wp","href":"https:\/\/api.w.org\/{rel}","templated":true}]}}