{"id":12776,"date":"2026-03-25T14:41:37","date_gmt":"2026-03-25T14:41:37","guid":{"rendered":"https:\/\/natation.ch\/product\/cobra-tri-swipe-mirror-emerald-peacock\/"},"modified":"2026-03-25T14:41:37","modified_gmt":"2026-03-25T14:41:37","slug":"cobra-tri-swipe-mirror-emerald-peacock","status":"publish","type":"product","link":"https:\/\/natation.ch\/fr\/produit\/cobra-tri-swipe-mirror-emerald-peacock\/","title":{"rendered":"Cobra Tri Swipe Mirror Emerald Peacock"},"content":{"rendered":"<p>Les lunettes de triathlon miroir les plus avanc\u00e9es, avec le rev\u00eatement antibu\u00e9e r\u00e9volutionnaire Swipe pour une vision nette longue dur\u00e9e<br \/>\nSwipe : la meilleure protection contre la bu\u00e9e. La protection dure dix fois plus longtemps et peut \u00eatre r\u00e9activ\u00e9e en frottant l\u2019int\u00e9rieur du verre avec ton doigt.<br \/>\nChamp de vision optimal, l\u2019eau ne ruisselle pas sur les verres, pont de nez interchangeable, double sangle, protection UV<br \/>\nId\u00e9ales pour les triathl\u00e8tes et les nageurs r\u00e9guliers<br \/>\nCes lunettes de natation avec verres l\u00e9g\u00e8rement teint\u00e9s sont id\u00e9ales en faible luminosit\u00e9 ou quand une luminosit\u00e9 maximale est souhait\u00e9e. <\/p>\n","protected":false},"excerpt":{"rendered":"<p>Lunettes de triathlon<\/p>\n<p>Arena<\/p>\n<p>&nbsp;<\/p>\n","protected":false},"featured_media":12773,"comment_status":"open","ping_status":"closed","template":"","meta":[],"product_brand":[329],"product_cat":[75],"product_tag":[],"class_list":{"0":"post-12776","1":"product","2":"type-product","3":"status-publish","4":"has-post-thumbnail","6":"product_brand-arena","7":"product_cat-unettes","9":"first","10":"instock","11":"sale","12":"shipping-taxable","13":"purchasable","14":"product-type-simple"},"_links":{"self":[{"href":"https:\/\/natation.ch\/fr\/wp-json\/wp\/v2\/product\/12776","targetHints":{"allow":["GET"]}}],"collection":[{"href":"https:\/\/natation.ch\/fr\/wp-json\/wp\/v2\/product"}],"about":[{"href":"https:\/\/natation.ch\/fr\/wp-json\/wp\/v2\/types\/product"}],"replies":[{"embeddable":true,"href":"https:\/\/natation.ch\/fr\/wp-json\/wp\/v2\/comments?post=12776"}],"wp:featuredmedia":[{"embeddable":true,"href":"https:\/\/natation.ch\/fr\/wp-json\/wp\/v2\/media\/12773"}],"wp:attachment":[{"href":"https:\/\/natation.ch\/fr\/wp-json\/wp\/v2\/media?parent=12776"}],"wp:term":[{"taxonomy":"product_brand","embeddable":true,"href":"https:\/\/natation.ch\/fr\/wp-json\/wp\/v2\/product_brand?post=12776"},{"taxonomy":"product_cat","embeddable":true,"href":"https:\/\/natation.ch\/fr\/wp-json\/wp\/v2\/product_cat?post=12776"},{"taxonomy":"product_tag","embeddable":true,"href":"https:\/\/natation.ch\/fr\/wp-json\/wp\/v2\/product_tag?post=12776"}],"curies":[{"name":"wp","href":"https:\/\/api.w.org\/{rel}","templated":true}]}}