{"id":11302,"date":"2026-02-20T11:46:39","date_gmt":"2026-02-20T11:46:39","guid":{"rendered":"https:\/\/natation.ch\/product\/apex-viper-femme\/"},"modified":"2026-02-20T11:46:39","modified_gmt":"2026-02-20T11:46:39","slug":"apex-viper-femme","status":"publish","type":"product","link":"https:\/\/natation.ch\/fr\/produit\/apex-viper-femme\/","title":{"rendered":"Apex Viper Femme"},"content":{"rendered":"","protected":false},"excerpt":{"rendered":"<p>Maillot de comp\u00e9tition d\u00e9butant<\/p>\n<p>Con\u00e7u sp\u00e9cialement pour t\u2019initier \u00e0 un nouveau niveau de performance, le Viper homologu\u00e9 World Aquatics offre une coupe ajust\u00e9e pour faciliter ta glisse dans l\u2019eau.<\/p>\n<ul>\n<li>Le tissu tricot\u00e9 en cha\u00eene \u00e9pouse ton corps pour r\u00e9duire la fatigue musculaire gr\u00e2ce \u00e0 une compression moyenne.<\/li>\n<li>Associ\u00e9 \u00e0 une finition d\u00e9perlante, ce maillot te propulsera vers le niveau sup\u00e9rieur et au-del\u00e0.<\/li>\n<li>Caract\u00e9ristiques : coutures plates pour le confort, cordon de serrage int\u00e9gr\u00e9, doublure compressive, bandes antid\u00e9rapantes \u00e0 la taille et aux cuisses pour un maintien s\u00fbr et confortable.<\/li>\n<\/ul>\n<p>Homologu\u00e9 World Aquatics<\/p>\n<p>Funkita \/ Dos ouvert<\/p>\n<p>Consulte les images pour d\u00e9terminer ta taille<\/p>\n","protected":false},"featured_media":11281,"comment_status":"open","ping_status":"closed","template":"","meta":[],"product_brand":[325],"product_cat":[100],"product_tag":[],"class_list":{"0":"post-11302","1":"product","2":"type-product","3":"status-publish","4":"has-post-thumbnail","6":"product_brand-funkita","7":"product_cat-feminin","8":"product_shipping_class-petitarticle","10":"first","11":"instock","12":"shipping-taxable","13":"purchasable","14":"product-type-variable"},"_links":{"self":[{"href":"https:\/\/natation.ch\/fr\/wp-json\/wp\/v2\/product\/11302","targetHints":{"allow":["GET"]}}],"collection":[{"href":"https:\/\/natation.ch\/fr\/wp-json\/wp\/v2\/product"}],"about":[{"href":"https:\/\/natation.ch\/fr\/wp-json\/wp\/v2\/types\/product"}],"replies":[{"embeddable":true,"href":"https:\/\/natation.ch\/fr\/wp-json\/wp\/v2\/comments?post=11302"}],"wp:featuredmedia":[{"embeddable":true,"href":"https:\/\/natation.ch\/fr\/wp-json\/wp\/v2\/media\/11281"}],"wp:attachment":[{"href":"https:\/\/natation.ch\/fr\/wp-json\/wp\/v2\/media?parent=11302"}],"wp:term":[{"taxonomy":"product_brand","embeddable":true,"href":"https:\/\/natation.ch\/fr\/wp-json\/wp\/v2\/product_brand?post=11302"},{"taxonomy":"product_cat","embeddable":true,"href":"https:\/\/natation.ch\/fr\/wp-json\/wp\/v2\/product_cat?post=11302"},{"taxonomy":"product_tag","embeddable":true,"href":"https:\/\/natation.ch\/fr\/wp-json\/wp\/v2\/product_tag?post=11302"}],"curies":[{"name":"wp","href":"https:\/\/api.w.org\/{rel}","templated":true}]}}