{"id":10672,"date":"2026-02-11T16:03:27","date_gmt":"2026-02-11T16:03:27","guid":{"rendered":"https:\/\/natation.ch\/product\/stability-snorkel-jr\/"},"modified":"2026-02-11T16:03:27","modified_gmt":"2026-02-11T16:03:27","slug":"stability-snorkel-jr","status":"publish","type":"product","link":"https:\/\/natation.ch\/fr\/produit\/stability-snorkel-jr\/","title":{"rendered":"Stability Snorkel Jr"},"content":{"rendered":"<div id=\"product-details-features\" class=\"product-details-information-tab-content-container tb-container-col collapse in\" data-type=\"information-content-text\">\n<div class=\"product-details-information-tab-content-container-main\">\n<div class=\"fab-left\">\n<div class=\"col-sm-12\">\n<ul>\n<li><b>TUBE PLUS COURT :<\/b> Un tube plus court permet des respirations moins profondes pour les jeunes nageurs, leur permettant d\u2019inspirer et d\u2019expirer naturellement.<\/li>\n<li><b>SANS FIXATION T\u00caTE :<\/b> Son design simplifi\u00e9 est confortable et stable.<\/li>\n<li><b>EMBOUT BUCCAL PETIT ET CONFORTABLE :<\/b> Taille adapt\u00e9e aux jeunes enfants, silicone de haute qualit\u00e9 pour un ajustement confortable.<\/li>\n<li><b>AUGMENTE LA CONFIANCE :<\/b> Nager avec un tuba donne la confiance n\u00e9cessaire pour appr\u00e9cier la natation et la capacit\u00e9 d\u2019apprendre de nouvelles comp\u00e9tences.<\/li>\n<\/ul>\n<\/div>\n<\/div>\n<\/div>\n<\/div>\n","protected":false},"excerpt":{"rendered":"<p><span class=\"s1\">Le Tuba de stabilit\u00e9 Junior permet aux jeunes nageurs d\u2019apprendre des techniques que les nageurs plus \u00e2g\u00e9s pratiquent depuis des ann\u00e9es et est sp\u00e9cifiquement con\u00e7u pour les nageurs de 6 \u00e0 10 ans. Nager avec un tuba \u00e9limine le besoin de tourner la t\u00eate pour respirer, ainsi le nageur peut se concentrer sur l\u2019apprentissage de la natation avec la bonne position corporelle. Le tuba donne \u00e9galement confiance aux nageurs, leur permettant d\u2019acqu\u00e9rir de nouvelles comp\u00e9tences et d\u2019am\u00e9liorer leur technique globale.<\/span><\/p>\n<p>6-10 ans<\/p>\n<p>Finis<\/p>\n","protected":false},"featured_media":10654,"comment_status":"open","ping_status":"closed","template":"","meta":[],"product_brand":[327],"product_cat":[92],"product_tag":[],"class_list":{"0":"post-10672","1":"product","2":"type-product","3":"status-publish","4":"has-post-thumbnail","6":"product_brand-finis","7":"product_cat-snorkel","9":"first","10":"instock","11":"shipping-taxable","12":"purchasable","13":"product-type-variable"},"_links":{"self":[{"href":"https:\/\/natation.ch\/fr\/wp-json\/wp\/v2\/product\/10672","targetHints":{"allow":["GET"]}}],"collection":[{"href":"https:\/\/natation.ch\/fr\/wp-json\/wp\/v2\/product"}],"about":[{"href":"https:\/\/natation.ch\/fr\/wp-json\/wp\/v2\/types\/product"}],"replies":[{"embeddable":true,"href":"https:\/\/natation.ch\/fr\/wp-json\/wp\/v2\/comments?post=10672"}],"wp:featuredmedia":[{"embeddable":true,"href":"https:\/\/natation.ch\/fr\/wp-json\/wp\/v2\/media\/10654"}],"wp:attachment":[{"href":"https:\/\/natation.ch\/fr\/wp-json\/wp\/v2\/media?parent=10672"}],"wp:term":[{"taxonomy":"product_brand","embeddable":true,"href":"https:\/\/natation.ch\/fr\/wp-json\/wp\/v2\/product_brand?post=10672"},{"taxonomy":"product_cat","embeddable":true,"href":"https:\/\/natation.ch\/fr\/wp-json\/wp\/v2\/product_cat?post=10672"},{"taxonomy":"product_tag","embeddable":true,"href":"https:\/\/natation.ch\/fr\/wp-json\/wp\/v2\/product_tag?post=10672"}],"curies":[{"name":"wp","href":"https:\/\/api.w.org\/{rel}","templated":true}]}}