{"id":10640,"date":"2026-02-11T14:14:41","date_gmt":"2026-02-11T14:14:41","guid":{"rendered":"https:\/\/natation.ch\/product\/foam-kickboard\/"},"modified":"2026-02-11T14:14:41","modified_gmt":"2026-02-11T14:14:41","slug":"foam-kickboard","status":"publish","type":"product","link":"https:\/\/natation.ch\/fr\/produit\/foam-kickboard\/","title":{"rendered":"Foam Kickboard"},"content":{"rendered":"<div id=\"product-details-features\" class=\"product-details-information-tab-content-container tb-container-col collapse in\" data-type=\"information-content-text\">\n<div class=\"product-details-information-tab-content-container-main\">\n<div class=\"fab-left\">\n<div class=\"col-sm-12\">\n<ul>\n<li><b>ENTRA\u00ceNEMENT AU BATTEMENT :<\/b> Immobilise les bras pour renforcer les muscles des jambes et te concentrer pleinement sur ton battement<\/li>\n<li><b>MAT\u00c9RIAU CONFORTABLE :<\/b> La mousse EVA souple n\u2019irrite pas la peau et reste durable<\/li>\n<li><b>DEUX TAILLES :<\/b> La taille Jr est con\u00e7ue pour r\u00e9duire la tension sur les \u00e9paules et convient parfaitement aux jeunes et aux petits nageurs<\/li>\n<li><b>FORME SIMPLE :<\/b> Se d\u00e9place facilement dans l\u2019eau et offre une prise en main ais\u00e9e<\/li>\n<li><b>PLANCHE FLOTTANTE :<\/b> Maintient tes bras et le haut de ton corps \u00e0 la surface pour que tu puisses te concentrer sur tes jambes<\/li>\n<\/ul>\n<\/div>\n<\/div>\n<\/div>\n<\/div>\n","protected":false},"excerpt":{"rendered":"<p>La planche de natation en mousse immobilise les bras pour aider \u00e0 renforcer les jambes. Fabriqu\u00e9e en mousse EVA qui n\u2019irrite pas la peau. Disponible en tailles Sr. et Jr. ; la taille Jr. est con\u00e7ue pour r\u00e9duire la tension sur les \u00e9paules et convient parfaitement aux jeunes et aux petits nageurs. <\/p>\n<p>Finis<\/p>\n","protected":false},"featured_media":10636,"comment_status":"open","ping_status":"closed","template":"","meta":[],"product_brand":[327],"product_cat":[78],"product_tag":[],"class_list":{"0":"post-10640","1":"product","2":"type-product","3":"status-publish","4":"has-post-thumbnail","6":"product_brand-finis","7":"product_cat-kickboard","9":"first","10":"instock","11":"shipping-taxable","12":"purchasable","13":"product-type-variable"},"_links":{"self":[{"href":"https:\/\/natation.ch\/fr\/wp-json\/wp\/v2\/product\/10640","targetHints":{"allow":["GET"]}}],"collection":[{"href":"https:\/\/natation.ch\/fr\/wp-json\/wp\/v2\/product"}],"about":[{"href":"https:\/\/natation.ch\/fr\/wp-json\/wp\/v2\/types\/product"}],"replies":[{"embeddable":true,"href":"https:\/\/natation.ch\/fr\/wp-json\/wp\/v2\/comments?post=10640"}],"wp:featuredmedia":[{"embeddable":true,"href":"https:\/\/natation.ch\/fr\/wp-json\/wp\/v2\/media\/10636"}],"wp:attachment":[{"href":"https:\/\/natation.ch\/fr\/wp-json\/wp\/v2\/media?parent=10640"}],"wp:term":[{"taxonomy":"product_brand","embeddable":true,"href":"https:\/\/natation.ch\/fr\/wp-json\/wp\/v2\/product_brand?post=10640"},{"taxonomy":"product_cat","embeddable":true,"href":"https:\/\/natation.ch\/fr\/wp-json\/wp\/v2\/product_cat?post=10640"},{"taxonomy":"product_tag","embeddable":true,"href":"https:\/\/natation.ch\/fr\/wp-json\/wp\/v2\/product_tag?post=10640"}],"curies":[{"name":"wp","href":"https:\/\/api.w.org\/{rel}","templated":true}]}}