{"id":10541,"date":"2026-02-10T12:52:25","date_gmt":"2026-02-10T12:52:25","guid":{"rendered":"https:\/\/natation.ch\/product\/short-de-bain-essential-mayan-blue\/"},"modified":"2026-02-10T12:52:25","modified_gmt":"2026-02-10T12:52:25","slug":"short-de-bain-essential-mayan-blue","status":"publish","type":"product","link":"https:\/\/natation.ch\/fr\/produit\/short-de-bain-essential-mayan-blue\/","title":{"rendered":"Short de bain Essential Mayan Blue"},"content":{"rendered":"<ul>\n<li>Ceinture \u00e9lastique avec cordon de serrage pour un ajustement s\u00fbr et r\u00e9glable<\/li>\n<li>Poches sur les c\u00f4t\u00e9s<\/li>\n<li>Slip de bain int\u00e9rieur en mesh<\/li>\n<li>Fabriqu\u00e9 en nylon 100% recycl\u00e9<\/li>\n<\/ul>\n","protected":false},"excerpt":{"rendered":"<p>Con\u00e7u pour le confort dans et hors de l&#8217;eau, il dispose d&#8217;une ceinture \u00e0 cordon et d&#8217;une poche de drainage sur le c\u00f4t\u00e9. Fabriqu\u00e9 \u00e0 partir d&#8217;un nouveau mat\u00e9riau respectueux de l&#8217;environnement compos\u00e9 de nylon 100% recycl\u00e9. <\/p>\n<p>Speedo<\/p>\n","protected":false},"featured_media":10533,"comment_status":"open","ping_status":"closed","template":"","meta":[],"product_brand":[330],"product_cat":[115],"product_tag":[],"class_list":{"0":"post-10541","1":"product","2":"type-product","3":"status-publish","4":"has-post-thumbnail","6":"product_brand-speedo","7":"product_cat-hommes","9":"first","10":"instock","11":"shipping-taxable","12":"purchasable","13":"product-type-variable"},"_links":{"self":[{"href":"https:\/\/natation.ch\/fr\/wp-json\/wp\/v2\/product\/10541","targetHints":{"allow":["GET"]}}],"collection":[{"href":"https:\/\/natation.ch\/fr\/wp-json\/wp\/v2\/product"}],"about":[{"href":"https:\/\/natation.ch\/fr\/wp-json\/wp\/v2\/types\/product"}],"replies":[{"embeddable":true,"href":"https:\/\/natation.ch\/fr\/wp-json\/wp\/v2\/comments?post=10541"}],"wp:featuredmedia":[{"embeddable":true,"href":"https:\/\/natation.ch\/fr\/wp-json\/wp\/v2\/media\/10533"}],"wp:attachment":[{"href":"https:\/\/natation.ch\/fr\/wp-json\/wp\/v2\/media?parent=10541"}],"wp:term":[{"taxonomy":"product_brand","embeddable":true,"href":"https:\/\/natation.ch\/fr\/wp-json\/wp\/v2\/product_brand?post=10541"},{"taxonomy":"product_cat","embeddable":true,"href":"https:\/\/natation.ch\/fr\/wp-json\/wp\/v2\/product_cat?post=10541"},{"taxonomy":"product_tag","embeddable":true,"href":"https:\/\/natation.ch\/fr\/wp-json\/wp\/v2\/product_tag?post=10541"}],"curies":[{"name":"wp","href":"https:\/\/api.w.org\/{rel}","templated":true}]}}