{"id":10502,"date":"2026-02-09T17:57:32","date_gmt":"2026-02-09T17:57:32","guid":{"rendered":"https:\/\/natation.ch\/product\/aquapulse-pro-mirror\/"},"modified":"2026-02-09T21:34:36","modified_gmt":"2026-02-09T21:34:36","slug":"aquapulse-pro-mirror","status":"publish","type":"product","link":"https:\/\/natation.ch\/fr\/produit\/aquapulse-pro-mirror\/","title":{"rendered":"Aquapulse pro mirror"},"content":{"rendered":"","protected":false},"excerpt":{"rendered":"<p>S&#8217;appuyant sur le succ\u00e8s de l&#8217;Aquapulse Max 2, le nouveau masque Aquapulse Pro am\u00e9lior\u00e9 repousse les limites avec une construction sans cadre. Dot\u00e9 d&#8217;un nouveau design lat\u00e9ral combin\u00e9 \u00e0 notre technologie IQfit pionni\u00e8re, ce masque vous permet d&#8217;atteindre un niveau de performance sup\u00e9rieur. Id\u00e9al pour les triathl\u00e8tes et les nageurs r\u00e9guliers.<\/p>\n<p>Speedo<\/p>\n","protected":false},"featured_media":10495,"comment_status":"open","ping_status":"closed","template":"","meta":[],"product_brand":[330],"product_cat":[75],"product_tag":[],"class_list":{"0":"post-10502","1":"product","2":"type-product","3":"status-publish","4":"has-post-thumbnail","6":"product_brand-speedo","7":"product_cat-unettes","9":"first","10":"instock","11":"shipping-taxable","12":"purchasable","13":"product-type-variable"},"_links":{"self":[{"href":"https:\/\/natation.ch\/fr\/wp-json\/wp\/v2\/product\/10502","targetHints":{"allow":["GET"]}}],"collection":[{"href":"https:\/\/natation.ch\/fr\/wp-json\/wp\/v2\/product"}],"about":[{"href":"https:\/\/natation.ch\/fr\/wp-json\/wp\/v2\/types\/product"}],"replies":[{"embeddable":true,"href":"https:\/\/natation.ch\/fr\/wp-json\/wp\/v2\/comments?post=10502"}],"wp:featuredmedia":[{"embeddable":true,"href":"https:\/\/natation.ch\/fr\/wp-json\/wp\/v2\/media\/10495"}],"wp:attachment":[{"href":"https:\/\/natation.ch\/fr\/wp-json\/wp\/v2\/media?parent=10502"}],"wp:term":[{"taxonomy":"product_brand","embeddable":true,"href":"https:\/\/natation.ch\/fr\/wp-json\/wp\/v2\/product_brand?post=10502"},{"taxonomy":"product_cat","embeddable":true,"href":"https:\/\/natation.ch\/fr\/wp-json\/wp\/v2\/product_cat?post=10502"},{"taxonomy":"product_tag","embeddable":true,"href":"https:\/\/natation.ch\/fr\/wp-json\/wp\/v2\/product_tag?post=10502"}],"curies":[{"name":"wp","href":"https:\/\/api.w.org\/{rel}","templated":true}]}}