{"id":10470,"date":"2026-02-09T14:08:05","date_gmt":"2026-02-09T14:08:05","guid":{"rendered":"https:\/\/natation.ch\/product\/palmes-dmc-elite\/"},"modified":"2026-02-09T21:36:31","modified_gmt":"2026-02-09T21:36:31","slug":"palmes-dmc-elite","status":"publish","type":"product","link":"https:\/\/natation.ch\/fr\/produit\/palmes-dmc-elite\/","title":{"rendered":"Palmes DMC Elite"},"content":{"rendered":"","protected":false},"excerpt":{"rendered":"<p>Augmente ta puissance et ta vitesse pendant l&#8217;entra\u00eenement avec les nouvelles palmes de comp\u00e9tition Speedo x DMC Elite Fins. D\u00e9velopp\u00e9es en collaboration avec DMC, pionnier des palmes en silicone, les palmes Elite disposent d&#8217;un design V-Rail qui rigidifie les bords des palmes et te permet d&#8217;atteindre la vitesse et la propulsion d&#8217;une palme plus rigide sans le poids suppl\u00e9mentaire. Con\u00e7ues pour les nageurs de comp\u00e9tition et les bodysurfeurs, ces palmes courtes en silicone pr\u00e9sentent un design asym\u00e9trique qui stabilise les chevilles et augmente la vitesse de nage, optimise l&#8217;efficacit\u00e9 du battement et r\u00e9duit la fatigue.<\/p>\n<p>Speedo<\/p>\n","protected":false},"featured_media":10467,"comment_status":"open","ping_status":"closed","template":"","meta":[],"product_brand":[330],"product_cat":[333],"product_tag":[],"class_list":{"0":"post-10470","1":"product","2":"type-product","3":"status-publish","4":"has-post-thumbnail","6":"product_brand-speedo","7":"product_cat-palmes","9":"first","10":"instock","11":"sale","12":"shipping-taxable","13":"purchasable","14":"product-type-variable"},"_links":{"self":[{"href":"https:\/\/natation.ch\/fr\/wp-json\/wp\/v2\/product\/10470","targetHints":{"allow":["GET"]}}],"collection":[{"href":"https:\/\/natation.ch\/fr\/wp-json\/wp\/v2\/product"}],"about":[{"href":"https:\/\/natation.ch\/fr\/wp-json\/wp\/v2\/types\/product"}],"replies":[{"embeddable":true,"href":"https:\/\/natation.ch\/fr\/wp-json\/wp\/v2\/comments?post=10470"}],"wp:featuredmedia":[{"embeddable":true,"href":"https:\/\/natation.ch\/fr\/wp-json\/wp\/v2\/media\/10467"}],"wp:attachment":[{"href":"https:\/\/natation.ch\/fr\/wp-json\/wp\/v2\/media?parent=10470"}],"wp:term":[{"taxonomy":"product_brand","embeddable":true,"href":"https:\/\/natation.ch\/fr\/wp-json\/wp\/v2\/product_brand?post=10470"},{"taxonomy":"product_cat","embeddable":true,"href":"https:\/\/natation.ch\/fr\/wp-json\/wp\/v2\/product_cat?post=10470"},{"taxonomy":"product_tag","embeddable":true,"href":"https:\/\/natation.ch\/fr\/wp-json\/wp\/v2\/product_tag?post=10470"}],"curies":[{"name":"wp","href":"https:\/\/api.w.org\/{rel}","templated":true}]}}