{"id":10417,"date":"2026-01-27T13:22:16","date_gmt":"2026-01-27T13:22:16","guid":{"rendered":"https:\/\/natation.ch\/product\/mesh-bag-one-go\/"},"modified":"2026-01-27T13:22:16","modified_gmt":"2026-01-27T13:22:16","slug":"mesh-bag-one-go","status":"publish","type":"product","link":"https:\/\/natation.ch\/fr\/produit\/mesh-bag-one-go\/","title":{"rendered":"Mesh bag One Go"},"content":{"rendered":"<ul>\n<li>Grand sac en maille pour l&#8217;\u00e9quipement de natation et le mat\u00e9riel d&#8217;entra\u00eenement. La construction en maille permet \u00e0 l&#8217;eau de s&#8217;\u00e9couler facilement. <\/li>\n<li>Fermeture s\u00e9curis\u00e9e par boucle. Avec une poign\u00e9e pratique pour le transport et la suspension. Fabriqu\u00e9 dans un mat\u00e9riau robuste \u00e0 s\u00e9chage rapide.  <\/li>\n<li>Ce sac pratique peut \u00eatre port\u00e9 sur une \u00e9paule ou comme un sac \u00e0 dos. Dimensions : 65 cm x 55 cm x 1 cm, 40 litres <\/li>\n<li>Id\u00e9al pour le mat\u00e9riel d&#8217;entra\u00eenement, la piscine et la plage.<\/li>\n<li>100 % polyester<\/li>\n<\/ul>\n","protected":false},"excerpt":{"rendered":"<p>Le sac en maille spacieux Arena One Go est id\u00e9al pour transporter du mat\u00e9riel d&#8217;entra\u00eenement ou d&#8217;autres articles. Gr\u00e2ce \u00e0 sa construction en maille, l&#8217;eau peut facilement s&#8217;\u00e9couler. Le sac peut \u00e9galement \u00eatre port\u00e9 comme un sac \u00e0 dos. \u00c9quip\u00e9 d&#8217;une poign\u00e9e pratique pour l&#8217;accrocher dans le vestiaire ou le fixer \u00e0 un autre sac. Fabriqu\u00e9 en maille de polyester robuste \u00e0 s\u00e9chage rapide. Dimensions : 65 cm x 55 cm x 1 cm, 40 litres     <\/p>\n","protected":false},"featured_media":10414,"comment_status":"open","ping_status":"closed","template":"","meta":[],"product_brand":[329],"product_cat":[60],"product_tag":[],"class_list":{"0":"post-10417","1":"product","2":"type-product","3":"status-publish","4":"has-post-thumbnail","6":"product_brand-arena","7":"product_cat-sacs","9":"first","10":"instock","11":"shipping-taxable","12":"purchasable","13":"product-type-variable"},"_links":{"self":[{"href":"https:\/\/natation.ch\/fr\/wp-json\/wp\/v2\/product\/10417","targetHints":{"allow":["GET"]}}],"collection":[{"href":"https:\/\/natation.ch\/fr\/wp-json\/wp\/v2\/product"}],"about":[{"href":"https:\/\/natation.ch\/fr\/wp-json\/wp\/v2\/types\/product"}],"replies":[{"embeddable":true,"href":"https:\/\/natation.ch\/fr\/wp-json\/wp\/v2\/comments?post=10417"}],"wp:featuredmedia":[{"embeddable":true,"href":"https:\/\/natation.ch\/fr\/wp-json\/wp\/v2\/media\/10414"}],"wp:attachment":[{"href":"https:\/\/natation.ch\/fr\/wp-json\/wp\/v2\/media?parent=10417"}],"wp:term":[{"taxonomy":"product_brand","embeddable":true,"href":"https:\/\/natation.ch\/fr\/wp-json\/wp\/v2\/product_brand?post=10417"},{"taxonomy":"product_cat","embeddable":true,"href":"https:\/\/natation.ch\/fr\/wp-json\/wp\/v2\/product_cat?post=10417"},{"taxonomy":"product_tag","embeddable":true,"href":"https:\/\/natation.ch\/fr\/wp-json\/wp\/v2\/product_tag?post=10417"}],"curies":[{"name":"wp","href":"https:\/\/api.w.org\/{rel}","templated":true}]}}