{"id":10105,"date":"2026-01-08T15:52:51","date_gmt":"2026-01-08T15:52:51","guid":{"rendered":"https:\/\/natation.ch\/product\/x-lite\/"},"modified":"2026-01-08T15:58:46","modified_gmt":"2026-01-08T15:58:46","slug":"x-lite","status":"publish","type":"product","link":"https:\/\/natation.ch\/fr\/produit\/x-lite\/","title":{"rendered":"X-lite"},"content":{"rendered":"","protected":false},"excerpt":{"rendered":"<p>Con\u00e7ues avec une monture et un joint en silicone souple pour un confort optimal, ces lunettes de natation junior sont amusantes, faciles \u00e0 utiliser et parfaites pour une utilisation r\u00e9guli\u00e8re.<\/p>\n<ul>\n<li>Petits verres, sp\u00e9cialement con\u00e7us pour les enfants<\/li>\n<li>Monture et joint en silicone souple pour un confort ultime<\/li>\n<li>Pont de nez auto-ajustable<\/li>\n<li>\u00c9lastique r\u00e9sistant avec syst\u00e8me \u00ab\u00a0ACS\u00a0\u00bb pour un ajustement facile autour de la t\u00eate<\/li>\n<li>Design color\u00e9. Sans PVC<\/li>\n<li>Protection UV. Traitement antibu\u00e9e<\/li>\n<\/ul>\n<p>Arena<\/p>\n","protected":false},"featured_media":10098,"comment_status":"open","ping_status":"closed","template":"","meta":[],"product_brand":[329],"product_cat":[75],"product_tag":[],"class_list":{"0":"post-10105","1":"product","2":"type-product","3":"status-publish","4":"has-post-thumbnail","6":"product_brand-arena","7":"product_cat-unettes","9":"first","10":"instock","11":"shipping-taxable","12":"purchasable","13":"product-type-simple"},"_links":{"self":[{"href":"https:\/\/natation.ch\/fr\/wp-json\/wp\/v2\/product\/10105","targetHints":{"allow":["GET"]}}],"collection":[{"href":"https:\/\/natation.ch\/fr\/wp-json\/wp\/v2\/product"}],"about":[{"href":"https:\/\/natation.ch\/fr\/wp-json\/wp\/v2\/types\/product"}],"replies":[{"embeddable":true,"href":"https:\/\/natation.ch\/fr\/wp-json\/wp\/v2\/comments?post=10105"}],"wp:featuredmedia":[{"embeddable":true,"href":"https:\/\/natation.ch\/fr\/wp-json\/wp\/v2\/media\/10098"}],"wp:attachment":[{"href":"https:\/\/natation.ch\/fr\/wp-json\/wp\/v2\/media?parent=10105"}],"wp:term":[{"taxonomy":"product_brand","embeddable":true,"href":"https:\/\/natation.ch\/fr\/wp-json\/wp\/v2\/product_brand?post=10105"},{"taxonomy":"product_cat","embeddable":true,"href":"https:\/\/natation.ch\/fr\/wp-json\/wp\/v2\/product_cat?post=10105"},{"taxonomy":"product_tag","embeddable":true,"href":"https:\/\/natation.ch\/fr\/wp-json\/wp\/v2\/product_tag?post=10105"}],"curies":[{"name":"wp","href":"https:\/\/api.w.org\/{rel}","templated":true}]}}