{"id":10090,"date":"2026-01-08T15:40:37","date_gmt":"2026-01-08T15:40:37","guid":{"rendered":"https:\/\/natation.ch\/?post_type=product&#038;p=10090"},"modified":"2026-01-08T15:43:14","modified_gmt":"2026-01-08T15:43:14","slug":"raptor-hcb-mirror-black","status":"publish","type":"product","link":"https:\/\/natation.ch\/fr\/produit\/raptor-hcb-mirror-black\/","title":{"rendered":"Raptor HCB Mirror Black"},"content":{"rendered":"<p>La structure hexagonale brevet\u00e9e HCB (Honeycomb) renforce l&#8217;\u00e9tanch\u00e9it\u00e9 contre la pression tout en conservant l&#8217;\u00e9lasticit\u00e9 et la douceur pour un ajustement l\u00e9ger et s\u00fbr.<\/p>\n<p>Inclus : ponts de nez interchangeables.<\/p>\n","protected":false},"excerpt":{"rendered":"<p>Verres miroit\u00e9s, id\u00e9aux pour la lumi\u00e8re directe du soleil et les conditions lumineuses, r\u00e9duisent l&#8217;\u00e9blouissement et les reflets du soleil. Les lunettes de natation Raptor sont donc parfaites pour la nage en ext\u00e9rieur.<\/p>\n<p>Zoggs<\/p>\n","protected":false},"featured_media":10093,"comment_status":"closed","ping_status":"closed","template":"","meta":[],"product_brand":[558],"product_cat":[72,75],"product_tag":[],"class_list":{"0":"post-10090","1":"product","2":"type-product","3":"status-publish","4":"has-post-thumbnail","6":"product_brand-zoggs","7":"product_cat-equipement","8":"product_cat-unettes","10":"first","11":"instock","12":"shipping-taxable","13":"purchasable","14":"product-type-simple"},"_links":{"self":[{"href":"https:\/\/natation.ch\/fr\/wp-json\/wp\/v2\/product\/10090","targetHints":{"allow":["GET"]}}],"collection":[{"href":"https:\/\/natation.ch\/fr\/wp-json\/wp\/v2\/product"}],"about":[{"href":"https:\/\/natation.ch\/fr\/wp-json\/wp\/v2\/types\/product"}],"replies":[{"embeddable":true,"href":"https:\/\/natation.ch\/fr\/wp-json\/wp\/v2\/comments?post=10090"}],"wp:featuredmedia":[{"embeddable":true,"href":"https:\/\/natation.ch\/fr\/wp-json\/wp\/v2\/media\/10093"}],"wp:attachment":[{"href":"https:\/\/natation.ch\/fr\/wp-json\/wp\/v2\/media?parent=10090"}],"wp:term":[{"taxonomy":"product_brand","embeddable":true,"href":"https:\/\/natation.ch\/fr\/wp-json\/wp\/v2\/product_brand?post=10090"},{"taxonomy":"product_cat","embeddable":true,"href":"https:\/\/natation.ch\/fr\/wp-json\/wp\/v2\/product_cat?post=10090"},{"taxonomy":"product_tag","embeddable":true,"href":"https:\/\/natation.ch\/fr\/wp-json\/wp\/v2\/product_tag?post=10090"}],"curies":[{"name":"wp","href":"https:\/\/api.w.org\/{rel}","templated":true}]}}