{"id":10070,"date":"2026-01-07T14:14:11","date_gmt":"2026-01-07T14:14:11","guid":{"rendered":"https:\/\/natation.ch\/product\/chaussettes-en-neoprene-3\/"},"modified":"2026-01-07T14:14:11","modified_gmt":"2026-01-07T14:14:11","slug":"chaussettes-en-neoprene-3","status":"publish","type":"product","link":"https:\/\/natation.ch\/fr\/produit\/chaussettes-en-neoprene-3\/","title":{"rendered":"Chaussettes en n\u00e9opr\u00e8ne 3"},"content":{"rendered":"<div class=\"section-module-contents_container-5Da pb-sm pt-0\">\n<div class=\"productInformation-textBlock-OOB\">\n<ul>\n<li>N\u00e9opr\u00e8ne double \u00e9paisseur 3 mm<\/li>\n<li>Respirabilit\u00e9<\/li>\n<li>Coutures ext\u00e9rieures coll\u00e9es<\/li>\n<li>Adapt\u00e9 \u00e0 la nage en eau libre<\/li>\n<\/ul>\n<\/div>\n<\/div>\n","protected":false},"excerpt":{"rendered":"<p>Ces chaussettes Zoggs Neo 3 sont parfaites pour les athl\u00e8tes multisports, en particulier lorsqu&#8217;il y a de la nage en eau libre. Elles sont fabriqu\u00e9es en n\u00e9opr\u00e8ne double \u00e9paisseur de 3 mm, ce qui offre une excellente isolation thermique dans les eaux froides. Ce mat\u00e9riau leur conf\u00e8re une dur\u00e9e de vie plus longue tout en vous offrant respirabilit\u00e9 et libert\u00e9 de mouvement. Le n\u00e9opr\u00e8ne de 3 mm est extr\u00eamement robuste avec des coutures ext\u00e9rieures coll\u00e9es.   <\/p>\n","protected":false},"featured_media":10067,"comment_status":"open","ping_status":"closed","template":"","meta":[],"product_brand":[558],"product_cat":[66],"product_tag":[],"class_list":{"0":"post-10070","1":"product","2":"type-product","3":"status-publish","4":"has-post-thumbnail","6":"product_brand-zoggs","7":"product_cat-autres-accessoires","9":"first","10":"instock","11":"shipping-taxable","12":"purchasable","13":"product-type-variable"},"_links":{"self":[{"href":"https:\/\/natation.ch\/fr\/wp-json\/wp\/v2\/product\/10070","targetHints":{"allow":["GET"]}}],"collection":[{"href":"https:\/\/natation.ch\/fr\/wp-json\/wp\/v2\/product"}],"about":[{"href":"https:\/\/natation.ch\/fr\/wp-json\/wp\/v2\/types\/product"}],"replies":[{"embeddable":true,"href":"https:\/\/natation.ch\/fr\/wp-json\/wp\/v2\/comments?post=10070"}],"wp:featuredmedia":[{"embeddable":true,"href":"https:\/\/natation.ch\/fr\/wp-json\/wp\/v2\/media\/10067"}],"wp:attachment":[{"href":"https:\/\/natation.ch\/fr\/wp-json\/wp\/v2\/media?parent=10070"}],"wp:term":[{"taxonomy":"product_brand","embeddable":true,"href":"https:\/\/natation.ch\/fr\/wp-json\/wp\/v2\/product_brand?post=10070"},{"taxonomy":"product_cat","embeddable":true,"href":"https:\/\/natation.ch\/fr\/wp-json\/wp\/v2\/product_cat?post=10070"},{"taxonomy":"product_tag","embeddable":true,"href":"https:\/\/natation.ch\/fr\/wp-json\/wp\/v2\/product_tag?post=10070"}],"curies":[{"name":"wp","href":"https:\/\/api.w.org\/{rel}","templated":true}]}}