{"id":10051,"date":"2026-01-07T13:55:22","date_gmt":"2026-01-07T13:55:22","guid":{"rendered":"https:\/\/natation.ch\/product\/set-zephir-junior\/"},"modified":"2026-01-07T14:03:19","modified_gmt":"2026-01-07T14:03:19","slug":"set-zephir-junior","status":"publish","type":"product","link":"https:\/\/natation.ch\/fr\/produit\/set-zephir-junior\/","title":{"rendered":"Set Zephir Junior"},"content":{"rendered":"","protected":false},"excerpt":{"rendered":"<p>L&#8217;ensemble Zephir Jr est la solution de snorkeling id\u00e9ale pour les enfants de 8 \u00e0 14 ans. Le masque Zephir est con\u00e7u de mani\u00e8re ergonomique, facile \u00e0 porter et offrant un large champ de vision.<br \/>\nLe tuba est dot\u00e9 d&#8217;un embout ergonomique en Siliter. <\/p>\n<p>Mares<\/p>\n","protected":false},"featured_media":10044,"comment_status":"open","ping_status":"closed","template":"","meta":[],"product_brand":[888],"product_cat":[75,92],"product_tag":[],"class_list":{"0":"post-10051","1":"product","2":"type-product","3":"status-publish","4":"has-post-thumbnail","6":"product_brand-mares","7":"product_cat-unettes","8":"product_cat-snorkel","10":"first","11":"instock","12":"shipping-taxable","13":"purchasable","14":"product-type-variable"},"_links":{"self":[{"href":"https:\/\/natation.ch\/fr\/wp-json\/wp\/v2\/product\/10051","targetHints":{"allow":["GET"]}}],"collection":[{"href":"https:\/\/natation.ch\/fr\/wp-json\/wp\/v2\/product"}],"about":[{"href":"https:\/\/natation.ch\/fr\/wp-json\/wp\/v2\/types\/product"}],"replies":[{"embeddable":true,"href":"https:\/\/natation.ch\/fr\/wp-json\/wp\/v2\/comments?post=10051"}],"wp:featuredmedia":[{"embeddable":true,"href":"https:\/\/natation.ch\/fr\/wp-json\/wp\/v2\/media\/10044"}],"wp:attachment":[{"href":"https:\/\/natation.ch\/fr\/wp-json\/wp\/v2\/media?parent=10051"}],"wp:term":[{"taxonomy":"product_brand","embeddable":true,"href":"https:\/\/natation.ch\/fr\/wp-json\/wp\/v2\/product_brand?post=10051"},{"taxonomy":"product_cat","embeddable":true,"href":"https:\/\/natation.ch\/fr\/wp-json\/wp\/v2\/product_cat?post=10051"},{"taxonomy":"product_tag","embeddable":true,"href":"https:\/\/natation.ch\/fr\/wp-json\/wp\/v2\/product_tag?post=10051"}],"curies":[{"name":"wp","href":"https:\/\/api.w.org\/{rel}","templated":true}]}}