{"id":3618,"date":"2025-11-21T21:54:24","date_gmt":"2025-11-21T21:54:24","guid":{"rendered":"https:\/\/natation.ch\/accueil\/"},"modified":"2025-12-08T16:05:12","modified_gmt":"2025-12-08T16:05:12","slug":"accueil","status":"publish","type":"page","link":"https:\/\/natation.ch\/fr\/","title":{"rendered":"Accueil"},"content":{"rendered":"\t\t<div data-elementor-type=\"wp-page\" data-elementor-id=\"3618\" class=\"elementor elementor-3618 elementor-44\" data-elementor-post-type=\"page\">\n\t\t\t\t<div class=\"elementor-element elementor-element-2b6618ee e-flex e-con-boxed e-con e-parent\" data-id=\"2b6618ee\" data-element_type=\"container\" data-e-type=\"container\">\n\t\t\t\t\t<div class=\"e-con-inner\">\n\t\t\t\t<div class=\"elementor-element elementor-element-6e9a5f67 elementor-widget elementor-widget-text-editor\" data-id=\"6e9a5f67\" data-element_type=\"widget\" data-e-type=\"widget\" data-widget_type=\"text-editor.default\">\n\t\t\t\t\t\t\t\t\t<div class=\"wp-block-group alignfull hostinger-ai-hero-for-online-store-2 hostinger-ai-background-image hostinger-ai-hero-opacity\">\n<div class=\"wp-block-group alignwide hostinger-ai-fade-up\" style=\"min-height: 800px; padding-top: var(--wp--preset--spacing--40); padding-bottom: var(--wp--preset--spacing--40);\">\n<div class=\"wp-block-group hostinger-ai-fade-up\">\n<h1 class=\"wp-block-heading has-text-align-center hostinger-ai-title hostinger-index-5 has-light-color has-text-color has-link-color has-xx-large-font-size\" style=\"margin: 0;\">Le plaisir de nager!<\/h1>\n<p class=\"has-text-align-center hostinger-ai-description hostinger-index-0 has-light-color has-text-color has-link-color has-medium-font-size\" style=\"margin-top: var(--wp--preset--spacing--20); margin-bottom: var(--wp--preset--spacing--50);\">\u00c9quipe-toi de maillots, lunettes et plus pour tes performances de natation !<\/p>\n<div class=\"wp-block-buttons\">\n<div class=\"wp-block-button hostinger-ai-cta-button hostinger-index-6\"><a class=\"wp-block-button__link has-dark-color has-light-background-color has-text-color has-background has-link-color has-medium-font-size has-custom-font-size wp-element-button\" style=\"border-style: none; border-width: 0px; border-radius: 50px; box-shadow: none; padding: var(--wp--preset--spacing--30) var(--wp--preset--spacing--70) var(--wp--preset--spacing--30) var(--wp--preset--spacing--70);\" href=\"https:\/\/natation.ch\/fr\/boutique\/\">Shop<\/a><\/div>\n<\/div>\n<\/div>\n<\/div>\n<\/div>\n<div class=\"wp-block-group alignfull\" style=\"margin-top: 0; margin-bottom: 0; padding: calc( 0.5 * var(--wp--style--root--padding-right, var(--wp--custom--gap--horizontal))) var(--wp--style--root--padding-right, var(--wp--custom--gap--horizontal)) calc( 0.5 * var(--wp--style--root--padding-right, var(--wp--custom--gap--horizontal))) var(--wp--style--root--padding-left, var(--wp--custom--gap--horizontal));\">\n<div class=\"wp-block-group alignwide\" style=\"padding-top: var(--wp--preset--spacing--60); padding-bottom: var(--wp--preset--spacing--60);\">\n<div class=\"wp-block-spacer\" style=\"height: calc( 0.25 * var(--wp--style--root--padding-right, var(--wp--custom--gap--horizontal)));\" aria-hidden=\"true\"> <\/div>\n<h2 class=\"wp-block-heading has-text-align-center hostinger-ai-title has-x-large-font-size\" style=\"margin-top: 0; margin-bottom: var(--wp--preset--spacing--60);\">Acheter par cat\u00e9gorie<\/h2>\n<div class=\"wp-block-group alignfull\" style=\"margin-top: 0; margin-bottom: 0; padding: calc( 0.5 * var(--wp--style--root--padding-right, var(--wp--custom--gap--horizontal))) var(--wp--style--root--padding-right, var(--wp--custom--gap--horizontal)) calc( 0.5 * var(--wp--style--root--padding-right, var(--wp--custom--gap--horizontal))) var(--wp--style--root--padding-left, var(--wp--custom--gap--horizontal));\">\n<div class=\"wp-block-spacer\" style=\"height: calc( 0.25 * var(--wp--style--root--padding-right, var(--wp--custom--gap--horizontal)));\" aria-hidden=\"true\"> <\/div>\n<div class=\"wp-block-columns alignwide has-color-1-background-color has-background\">\n<div class=\"wp-block-column is-vertically-aligned-center\" style=\"flex-basis: 40%;\">\n<p class=\"has-text-align-center\" style=\"padding-top: 0; padding-bottom: 0; font-size: 21px;\">Glisse dans l\u2019eau avec nos meilleurs maillots de comp\u00e9tition. Encha\u00eene les longueurs avec style gr\u00e2ce \u00e0 nos maillots de bain color\u00e9s et r\u00e9sistants. Am\u00e9liore ton style avec notre \u00e9quipement d\u2019entra\u00eenement. <strong>Plus de 1000 articles<\/strong> pour la natation \u00e0 tous les niveaux.<\/p>\n<\/div>\n<div class=\"wp-block-column\">\n<div class=\"wp-block-columns alignwide\">\n<div class=\"wp-block-column\">\n<div class=\"wp-block-cover\"><img fetchpriority=\"high\" decoding=\"async\" width=\"1080\" height=\"1080\" class=\"wp-block-cover__image-background wp-image-3640\" src=\"https:\/\/natation.ch\/wp-content\/uploads\/2025\/11\/037923.jpg\" alt=\"\" data-object-fit=\"cover\" srcset=\"https:\/\/natation.ch\/wp-content\/uploads\/2025\/11\/037923.jpg 1080w, https:\/\/natation.ch\/wp-content\/uploads\/2025\/11\/037923-300x300.jpg 300w, https:\/\/natation.ch\/wp-content\/uploads\/2025\/11\/037923-100x100.jpg 100w, https:\/\/natation.ch\/wp-content\/uploads\/2025\/11\/037923-600x600.jpg 600w, https:\/\/natation.ch\/wp-content\/uploads\/2025\/11\/037923-1024x1024.jpg 1024w, https:\/\/natation.ch\/wp-content\/uploads\/2025\/11\/037923-150x150.jpg 150w, https:\/\/natation.ch\/wp-content\/uploads\/2025\/11\/037923-768x768.jpg 768w\" sizes=\"(max-width: 1080px) 100vw, 1080px\" \/>\n<div class=\"wp-block-cover__inner-container\">\n<p class=\"has-text-align-center\" style=\"font-size: 34px;\">Maillots de bain<\/p>\n<div class=\"wp-block-buttons\">\n<div class=\"wp-block-button has-custom-width wp-block-button__width-50\"><a class=\"wp-block-button__link has-dark-color has-text-color has-background has-link-color wp-element-button\" style=\"background-color: #fefefe;\" href=\"https:\/\/natation.ch\/fr\/product-category\/maillots-de-bain\/\"><strong>Shop<\/strong><\/a><\/div>\n<\/div>\n<\/div>\n<\/div>\n<div class=\"wp-block-cover\"><img decoding=\"async\" width=\"1200\" height=\"1200\" class=\"wp-block-cover__image-background wp-image-3632\" src=\"https:\/\/natation.ch\/wp-content\/uploads\/2025\/11\/3.45.098-BlueCobalt-Usage.Main-10.avif\" alt=\"\" data-object-fit=\"cover\" srcset=\"https:\/\/natation.ch\/wp-content\/uploads\/2025\/11\/3.45.098-BlueCobalt-Usage.Main-10.avif 1200w, https:\/\/natation.ch\/wp-content\/uploads\/2025\/11\/3.45.098-BlueCobalt-Usage.Main-10-300x300.avif 300w, https:\/\/natation.ch\/wp-content\/uploads\/2025\/11\/3.45.098-BlueCobalt-Usage.Main-10-100x100.avif 100w, https:\/\/natation.ch\/wp-content\/uploads\/2025\/11\/3.45.098-BlueCobalt-Usage.Main-10-600x600.avif 600w, https:\/\/natation.ch\/wp-content\/uploads\/2025\/11\/3.45.098-BlueCobalt-Usage.Main-10-1024x1024.avif 1024w, https:\/\/natation.ch\/wp-content\/uploads\/2025\/11\/3.45.098-BlueCobalt-Usage.Main-10-150x150.avif 150w, https:\/\/natation.ch\/wp-content\/uploads\/2025\/11\/3.45.098-BlueCobalt-Usage.Main-10-768x768.avif 768w\" sizes=\"(max-width: 1200px) 100vw, 1200px\" \/>\n<div class=\"wp-block-cover__inner-container\">\n<p class=\"has-text-align-center\" style=\"font-size: 34px;\">\u00c9quipement<\/p>\n<div class=\"wp-block-buttons\">\n<div class=\"wp-block-button has-custom-width wp-block-button__width-50\"><a class=\"wp-block-button__link has-dark-color has-light-background-color has-text-color has-background has-link-color wp-element-button\" href=\"https:\/\/natation.ch\/fr\/product-category\/equipement\/\"><strong>Shop<\/strong><\/a><\/div>\n<\/div>\n<\/div>\n<\/div>\n<\/div>\n<div class=\"wp-block-column\">\n<div class=\"wp-block-cover\"><img decoding=\"async\" width=\"1080\" height=\"1440\" class=\"wp-block-cover__image-background wp-image-3636\" src=\"https:\/\/natation.ch\/wp-content\/uploads\/2025\/11\/Venom-Hero-Man-blue-fuxia-3.jpg\" alt=\"\" data-object-fit=\"cover\" srcset=\"https:\/\/natation.ch\/wp-content\/uploads\/2025\/11\/Venom-Hero-Man-blue-fuxia-3.jpg 1080w, https:\/\/natation.ch\/wp-content\/uploads\/2025\/11\/Venom-Hero-Man-blue-fuxia-3-600x800.jpg 600w, https:\/\/natation.ch\/wp-content\/uploads\/2025\/11\/Venom-Hero-Man-blue-fuxia-3-225x300.jpg 225w, https:\/\/natation.ch\/wp-content\/uploads\/2025\/11\/Venom-Hero-Man-blue-fuxia-3-768x1024.jpg 768w\" sizes=\"(max-width: 1080px) 100vw, 1080px\" \/>\n<div class=\"wp-block-cover__inner-container\">\n<p class=\"has-text-align-center\" style=\"font-size: 34px;\">Maillots de comp\u00e9tition<\/p>\n<div class=\"wp-block-buttons\">\n<div class=\"wp-block-button has-custom-width wp-block-button__width-50\"><a class=\"wp-block-button__link has-dark-color has-text-color has-background has-link-color wp-element-button\" style=\"background-color: #fbfbfb;\" href=\"https:\/\/natation.ch\/fr\/product-category\/women\/\"><strong>Shop<\/strong><\/a><\/div>\n<\/div>\n<\/div>\n<\/div>\n<div class=\"wp-block-cover\"><img loading=\"lazy\" decoding=\"async\" width=\"1200\" height=\"1200\" class=\"wp-block-cover__image-background wp-image-3628\" src=\"https:\/\/natation.ch\/wp-content\/uploads\/2025\/11\/1.30.058-BlackAcidGreen-Usage.Main-2.avif\" alt=\"\" data-object-fit=\"cover\" srcset=\"https:\/\/natation.ch\/wp-content\/uploads\/2025\/11\/1.30.058-BlackAcidGreen-Usage.Main-2.avif 1200w, https:\/\/natation.ch\/wp-content\/uploads\/2025\/11\/1.30.058-BlackAcidGreen-Usage.Main-2-300x300.avif 300w, https:\/\/natation.ch\/wp-content\/uploads\/2025\/11\/1.30.058-BlackAcidGreen-Usage.Main-2-100x100.avif 100w, https:\/\/natation.ch\/wp-content\/uploads\/2025\/11\/1.30.058-BlackAcidGreen-Usage.Main-2-600x600.avif 600w, https:\/\/natation.ch\/wp-content\/uploads\/2025\/11\/1.30.058-BlackAcidGreen-Usage.Main-2-1024x1024.avif 1024w, https:\/\/natation.ch\/wp-content\/uploads\/2025\/11\/1.30.058-BlackAcidGreen-Usage.Main-2-150x150.avif 150w, https:\/\/natation.ch\/wp-content\/uploads\/2025\/11\/1.30.058-BlackAcidGreen-Usage.Main-2-768x768.avif 768w\" sizes=\"(max-width: 1200px) 100vw, 1200px\" \/>\n<div class=\"wp-block-cover__inner-container\">\n<p class=\"has-text-align-center\" style=\"font-size: 34px;\">Accessoires<\/p>\n<div class=\"wp-block-buttons\">\n<div class=\"wp-block-button has-custom-width wp-block-button__width-50\"><a class=\"wp-block-button__link has-dark-color has-light-background-color has-text-color has-background has-link-color has-text-align-center wp-element-button\" href=\"https:\/\/natation.ch\/fr\/product-category\/accessoires\/\"><strong>Shop<\/strong><\/a><\/div>\n<\/div>\n<\/div>\n<\/div>\n<\/div>\n<\/div>\n<\/div>\n<\/div>\n<div class=\"wp-block-spacer\" style=\"height: calc( 0.25 * var(--wp--style--root--padding-right, var(--wp--custom--gap--horizontal)));\" aria-hidden=\"true\"> <\/div>\n<\/div>\n<div class=\"wp-block-spacer\" style=\"height: var(--wp--preset--spacing--20);\" aria-hidden=\"true\"> <\/div>\n<div class=\"wp-block-group alignwide\">\n<div class=\"wp-block-woocommerce-product-collection\">\n<h2 class=\"wp-block-heading has-text-align-center has-x-large-font-size\" style=\"margin-bottom: 1rem;\">Nouveaut\u00e9s<\/h2>\n<\/div>\n<div class=\"wp-block-buttons hostinger-ai-cta-button\" style=\"margin-top: var(--wp--preset--spacing--80);\">\n<div class=\"wp-block-button hostinger-ai-cta-button is-style-outline\"><a class=\"wp-block-button__link has-dark-color has-contrast-background-color has-text-color has-background has-link-color has-border-color has-medium-font-size has-custom-font-size wp-element-button\" style=\"border-color: #0d141a; border-width: 1px; border-radius: 50px; box-shadow: none; padding: var(--wp--preset--spacing--30) var(--wp--preset--spacing--70) var(--wp--preset--spacing--30) var(--wp--preset--spacing--70);\" href=\"http:\/\/www.natation.ch\/shop\">Shop<\/a><\/div>\n<\/div>\n<\/div>\n<div class=\"wp-block-spacer\" style=\"height: calc( 0.25 * var(--wp--style--root--padding-right, var(--wp--custom--gap--horizontal)));\" aria-hidden=\"true\"> <\/div>\n<\/div>\n<\/div>\n<div class=\"wp-block-group alignfull\" style=\"margin-top: 0; margin-bottom: 0; padding: var(--wp--preset--spacing--60) var(--wp--style--root--padding-right, var(--wp--custom--gap--horizontal)) var(--wp--preset--spacing--60) var(--wp--style--root--padding-left, var(--wp--custom--gap--horizontal));\">\n<div class=\"wp-block-columns alignwide\" style=\"margin-top: 0px; margin-bottom: 0px; padding: 0;\">\n<div class=\"wp-block-column\" style=\"padding: 0 var(--wp--preset--spacing--20) 0 0;\">\n<div class=\"wp-block-cover is-light has-white-color hostinger-ai-cover-image\" style=\"border-radius: 16px; padding-bottom: 56px;\"><img decoding=\"async\" class=\"wp-block-cover__image-background wp-image-1\" style=\"object-position: 17% 30%;\" src=\"https:\/\/images.unsplash.com\/photo-1531996844892-d39b7802035a?q=85&amp;w=550&amp;h=430&amp;fit=crop\" alt=\"A swimmer wearing a colorful, patterned swimsuit stands by the edge of an indoor swimming pool. The person is wearing a green swim cap and appears to be ready for swimming. The pool area has blue and white decorations, with a water surface that is slightly rippled. The surroundings indicate an indoor competitive swimming facility.\" data-object-fit=\"cover\" data-object-position=\"17% 30%\">\n<div class=\"wp-block-cover__inner-container\">\n<p class=\"has-text-align-center hostinger-ai-description has-link-color has-medium-font-size\" style=\"margin-top: 0; margin-bottom: var(--wp--preset--spacing--20); padding-top: 0; padding-bottom: 0;\">\u00c9quipement de club \u00e0 des conditions avantageuses.<\/p>\n<h4 class=\"wp-block-heading has-text-align-center hostinger-ai-title has-x-large-font-size\" style=\"margin-top: 1px; margin-bottom: 24px;\">Clubs<\/h4>\n<div class=\"wp-block-buttons hostinger-ai-cta-button\" style=\"margin-top: var(--wp--preset--spacing--40);\">\n<div class=\"wp-block-button hostinger-ai-cta-button\"><a class=\"wp-block-button__link has-dark-color has-light-background-color has-text-color has-background has-link-color has-medium-font-size has-custom-font-size wp-element-button\" style=\"border-style: none; border-width: 0px; border-radius: 50px; box-shadow: none; padding: var(--wp--preset--spacing--30) var(--wp--preset--spacing--70) var(--wp--preset--spacing--30) var(--wp--preset--spacing--70);\" href=\"https:\/\/natation.ch\/clubs\/\">Plus d\u2019infos<\/a><\/div>\n<\/div>\n<\/div>\n<\/div>\n<\/div>\n<div class=\"wp-block-column\" style=\"padding-left: var(--wp--preset--spacing--20);\">\n<div class=\"wp-block-cover is-light has-white-color hostinger-ai-cover-image hostinger-index-1\" style=\"border-radius: 16px; padding-bottom: 56px;\"><img decoding=\"async\" class=\"wp-block-cover__image-background wp-image-1\" src=\"https:\/\/images.unsplash.com\/photo-1591195984653-69a357f5c195?q=85&amp;w=550&amp;h=430&amp;fit=crop\" alt=\"Une piscine ext\u00e9rieure est entour\u00e9e d'une terrasse en pierre, avec une paire de lunettes de natation pos\u00e9e sur le bord de la piscine. La piscine se trouve sous une pergola blanche ouverte, et des arbres et des buissons verts luxuriants sont visibles en arri\u00e8re-plan.\" data-object-fit=\"cover\">\n<div class=\"wp-block-cover__inner-container\">\n<p class=\"has-text-align-center hostinger-ai-description hostinger-index-1 has-link-color has-medium-font-size\" style=\"margin-top: 0; margin-bottom: var(--wp--preset--spacing--20); padding-top: 0; padding-bottom: 0;\">Profite de nos offres sp\u00e9ciales actuelles !<\/p>\n<h4 class=\"wp-block-heading has-text-align-center hostinger-ai-title hostinger-index-1 has-x-large-font-size\" style=\"margin-top: 1px; margin-bottom: 24px;\">Sales<\/h4>\n<div class=\"wp-block-buttons hostinger-ai-cta-button hostinger-index-1\" style=\"margin-top: var(--wp--preset--spacing--40);\">\n<div class=\"wp-block-button hostinger-ai-cta-button\"><a class=\"wp-block-button__link has-dark-color has-light-background-color has-text-color has-background has-link-color has-medium-font-size has-custom-font-size wp-element-button\" style=\"border-style: none; border-width: 0px; border-radius: 50px; box-shadow: none; padding: var(--wp--preset--spacing--30) var(--wp--preset--spacing--70) var(--wp--preset--spacing--30) var(--wp--preset--spacing--70);\" href=\"https:\/\/natation.ch\/product\/sales\/\">Shop<\/a><\/div>\n<\/div>\n<\/div>\n<\/div>\n<\/div>\n<\/div>\n<\/div>\n<div class=\"wp-block-group alignfull hostinger-ai-solid-block hostinger-ai-fade-up has-color-1-background-color has-background\" style=\"padding-top: var(--wp--preset--spacing--60); padding-bottom: var(--wp--preset--spacing--60);\">\n<div class=\"wp-block-group alignwide hostinger-ai-fade-up\" style=\"min-height: 0px; padding-top: 0; padding-bottom: 0;\">\n<div class=\"wp-block-group hostinger-ai-fade-up\">\n<h2 class=\"wp-block-heading has-text-align-center hostinger-ai-title has-dark-color has-text-color has-link-color has-x-large-font-size\" style=\"margin: 0;\">Plonge<\/h2>\n<p class=\"has-text-align-center hostinger-ai-description has-dark-color has-text-color has-link-color has-medium-font-size\" style=\"margin-top: var(--wp--preset--spacing--20); margin-bottom: var(--wp--preset--spacing--50);\">\u00c9quipe-toi avec des maillots de bain et des accessoires con\u00e7us pour les champions des clubs de natation.<\/p>\n<div class=\"wp-block-buttons\">\n<div class=\"wp-block-button hostinger-ai-cta-button\"><a class=\"wp-block-button__link has-dark-color has-contrast-background-color has-text-color has-background has-link-color has-border-color has-medium-font-size has-custom-font-size wp-element-button\" style=\"border-color: #0d141a; border-width: 1px; border-radius: 50px; box-shadow: none; padding: var(--wp--preset--spacing--30) var(--wp--preset--spacing--70) var(--wp--preset--spacing--30) var(--wp--preset--spacing--70);\" href=\"https:\/\/natation.ch\/fr\/boutique\/\">Shop<\/a><\/div>\n<\/div>\n<\/div>\n<\/div>\n<\/div>\t\t\t\t\t\t\t\t<\/div>\n\t\t\t\t\t<\/div>\n\t\t\t\t<\/div>\n\t\t\t\t<\/div>\n\t\t","protected":false},"excerpt":{"rendered":"<p>Le plaisir de nager! \u00c9quipe-toi de maillots, lunettes et plus pour tes performances de natation ! Shop Acheter par cat\u00e9gorie Glisse dans l\u2019eau avec nos meilleurs maillots de comp\u00e9tition. Encha\u00eene les longueurs avec style gr\u00e2ce \u00e0 nos maillots de bain color\u00e9s et r\u00e9sistants. Am\u00e9liore ton style avec notre \u00e9quipement d\u2019entra\u00eenement. Plus de 1000 articles pour [&hellip;]<\/p>\n","protected":false},"author":1,"featured_media":0,"parent":0,"menu_order":0,"comment_status":"closed","ping_status":"closed","template":"","meta":{"footnotes":""},"class_list":["post-3618","page","type-page","status-publish","hentry"],"_hostinger_reach_plugin_has_subscription_block":false,"_hostinger_reach_plugin_is_elementor":false,"_links":{"self":[{"href":"https:\/\/natation.ch\/fr\/wp-json\/wp\/v2\/pages\/3618","targetHints":{"allow":["GET"]}}],"collection":[{"href":"https:\/\/natation.ch\/fr\/wp-json\/wp\/v2\/pages"}],"about":[{"href":"https:\/\/natation.ch\/fr\/wp-json\/wp\/v2\/types\/page"}],"author":[{"embeddable":true,"href":"https:\/\/natation.ch\/fr\/wp-json\/wp\/v2\/users\/1"}],"replies":[{"embeddable":true,"href":"https:\/\/natation.ch\/fr\/wp-json\/wp\/v2\/comments?post=3618"}],"version-history":[{"count":2,"href":"https:\/\/natation.ch\/fr\/wp-json\/wp\/v2\/pages\/3618\/revisions"}],"predecessor-version":[{"id":8458,"href":"https:\/\/natation.ch\/fr\/wp-json\/wp\/v2\/pages\/3618\/revisions\/8458"}],"wp:attachment":[{"href":"https:\/\/natation.ch\/fr\/wp-json\/wp\/v2\/media?parent=3618"}],"curies":[{"name":"wp","href":"https:\/\/api.w.org\/{rel}","templated":true}]}}