{"id":9976,"date":"2026-01-07T11:17:13","date_gmt":"2026-01-07T11:17:13","guid":{"rendered":"https:\/\/natation.ch\/product\/endura-max-titanium\/"},"modified":"2026-01-07T11:17:13","modified_gmt":"2026-01-07T11:17:13","slug":"endura-max-titanium","status":"publish","type":"product","link":"https:\/\/natation.ch\/de\/produkt\/endura-max-titanium\/","title":{"rendered":"Endura Max Titanium"},"content":{"rendered":"<p>Titanium: Ideal f\u00fcr helles Licht und sch\u00fctzt Ihre Augen vor extremer Sonneneinstrahlung.<\/p>\n<p>Gebogene Gl\u00e4sertechnologie: CLT bietet dem Schwimmer ein peripheres Sichtfeld von 180 Grad und kristallklare Sicht. Ideal zum Schwimmen in einer Gruppe oder mit anderen in Ihrer Bahn. <\/p>\n<p>Anti-Fog-Gl\u00e4ser: Alle Zoggs-Gl\u00e4ser bieten standardm\u00e4\u00dfig UV-Schutz und Anti-Fog.<\/p>\n<p>&nbsp;<\/p>\n","protected":false},"excerpt":{"rendered":"<p>Steigern Sie Ihre Leistung mit der neuen Zoggs Endura Titanium Max Schwimmbrille \u2013 neu gestaltet f\u00fcr mehr Komfort und Sichtbarkeit. Gebogene Gl\u00e4ser, weiche Silikondichtung und verstellbarer Nasensteg f\u00fcr blendfreie Sicht. <\/p>\n<p>Zoggs<\/p>\n","protected":false},"featured_media":9973,"comment_status":"open","ping_status":"closed","template":"","meta":[],"product_brand":[558],"product_cat":[76],"product_tag":[],"class_list":{"0":"post-9976","1":"product","2":"type-product","3":"status-publish","4":"has-post-thumbnail","6":"product_brand-zoggs","7":"product_cat-schwimbrille","9":"first","10":"instock","11":"shipping-taxable","12":"purchasable","13":"product-type-simple"},"_links":{"self":[{"href":"https:\/\/natation.ch\/de\/wp-json\/wp\/v2\/product\/9976","targetHints":{"allow":["GET"]}}],"collection":[{"href":"https:\/\/natation.ch\/de\/wp-json\/wp\/v2\/product"}],"about":[{"href":"https:\/\/natation.ch\/de\/wp-json\/wp\/v2\/types\/product"}],"replies":[{"embeddable":true,"href":"https:\/\/natation.ch\/de\/wp-json\/wp\/v2\/comments?post=9976"}],"wp:featuredmedia":[{"embeddable":true,"href":"https:\/\/natation.ch\/de\/wp-json\/wp\/v2\/media\/9973"}],"wp:attachment":[{"href":"https:\/\/natation.ch\/de\/wp-json\/wp\/v2\/media?parent=9976"}],"wp:term":[{"taxonomy":"product_brand","embeddable":true,"href":"https:\/\/natation.ch\/de\/wp-json\/wp\/v2\/product_brand?post=9976"},{"taxonomy":"product_cat","embeddable":true,"href":"https:\/\/natation.ch\/de\/wp-json\/wp\/v2\/product_cat?post=9976"},{"taxonomy":"product_tag","embeddable":true,"href":"https:\/\/natation.ch\/de\/wp-json\/wp\/v2\/product_tag?post=9976"}],"curies":[{"name":"wp","href":"https:\/\/api.w.org\/{rel}","templated":true}]}}