{"id":9769,"date":"2025-11-22T14:49:26","date_gmt":"2025-11-22T14:49:26","guid":{"rendered":"https:\/\/natation.ch\/product\/wasserdichter-rucksack\/"},"modified":"2025-11-22T14:49:26","modified_gmt":"2025-11-22T14:49:26","slug":"wasserdichter-rucksack","status":"publish","type":"product","link":"https:\/\/natation.ch\/de\/produkt\/wasserdichter-rucksack\/","title":{"rendered":"Wasserdichter Rucksack"},"content":{"rendered":"<p>Der wasserdichte Rucksack ist der perfekte Rucksack, um Ihre Sachen bei jeder Aktivit\u00e4t trocken zu halten. Dank seiner leichten, wasserdichten Konstruktion k\u00f6nnen Sie Ihre Sachen in jeder Umgebung trocken halten. <\/p>\n","protected":false},"excerpt":{"rendered":"<p>Orca<br \/>\nDer neue Urban Waterproof Backpack ist ideal f\u00fcr Ihren t\u00e4glichen Arbeitsweg. Mit seinem modernen, urbanen Design k\u00f6nnen Sie Ihren Laptop und Ihre B\u00fcroartikel zusammen mit Ihrer Trainingskleidung transportieren, sodass Sie an langen Tagen nichts aufhalten kann. <\/p>\n","protected":false},"featured_media":172,"comment_status":"closed","ping_status":"closed","template":"","meta":[],"product_brand":[331],"product_cat":[62,58],"product_tag":[],"class_list":{"0":"post-9769","1":"product","2":"type-product","3":"status-publish","4":"has-post-thumbnail","6":"product_brand-orca","7":"product_cat-taschen","8":"product_cat-zubehor","10":"first","11":"instock","12":"sale","13":"shipping-taxable","14":"purchasable","15":"product-type-simple"},"_links":{"self":[{"href":"https:\/\/natation.ch\/de\/wp-json\/wp\/v2\/product\/9769","targetHints":{"allow":["GET"]}}],"collection":[{"href":"https:\/\/natation.ch\/de\/wp-json\/wp\/v2\/product"}],"about":[{"href":"https:\/\/natation.ch\/de\/wp-json\/wp\/v2\/types\/product"}],"replies":[{"embeddable":true,"href":"https:\/\/natation.ch\/de\/wp-json\/wp\/v2\/comments?post=9769"}],"wp:featuredmedia":[{"embeddable":true,"href":"https:\/\/natation.ch\/de\/wp-json\/wp\/v2\/media\/172"}],"wp:attachment":[{"href":"https:\/\/natation.ch\/de\/wp-json\/wp\/v2\/media?parent=9769"}],"wp:term":[{"taxonomy":"product_brand","embeddable":true,"href":"https:\/\/natation.ch\/de\/wp-json\/wp\/v2\/product_brand?post=9769"},{"taxonomy":"product_cat","embeddable":true,"href":"https:\/\/natation.ch\/de\/wp-json\/wp\/v2\/product_cat?post=9769"},{"taxonomy":"product_tag","embeddable":true,"href":"https:\/\/natation.ch\/de\/wp-json\/wp\/v2\/product_tag?post=9769"}],"curies":[{"name":"wp","href":"https:\/\/api.w.org\/{rel}","templated":true}]}}