{"id":9765,"date":"2025-11-22T14:49:53","date_gmt":"2025-11-22T14:49:53","guid":{"rendered":"https:\/\/natation.ch\/product\/snorkel\/"},"modified":"2025-11-22T14:49:53","modified_gmt":"2025-11-22T14:49:53","slug":"snorkel","status":"publish","type":"product","link":"https:\/\/natation.ch\/de\/produkt\/snorkel\/","title":{"rendered":"Snorkel"},"content":{"rendered":"<p>Der Orca-Schnorchel ist ein grundlegendes Zubeh\u00f6r f\u00fcr das Schwimmtraining. Er l\u00e4sst sich f\u00fcr eine perfekte Passform einstellen, sodass Sie sich auf die Verbesserung Ihrer Technik konzentrieren k\u00f6nnen, w\u00e4hrend Sie kontinuierlich unter Wasser atmen. Durch das Ausblasventil k\u00f6nnen Sie Wasser, das in den Schlauch gelangt, beim Schwimmen aussto\u00dfen. Verbessern Sie Ihre Technik und Leistung im Wasser.   <\/p>\n","protected":false},"excerpt":{"rendered":"<p>Der Orca-Schnorchel ist ein grundlegendes Zubeh\u00f6r f\u00fcr das Schwimmtraining. Er l\u00e4sst sich f\u00fcr eine perfekte Passform einstellen, sodass Sie sich auf die Verbesserung Ihrer Technik konzentrieren k\u00f6nnen, w\u00e4hrend Sie kontinuierlich unter Wasser atmen. Durch das Ausblasventil k\u00f6nnen Sie Wasser, das in den Schlauch gelangt, beim Schwimmen aussto\u00dfen. Verbessern Sie Ihre Technik und Leistung im Wasser.   <\/p>\n","protected":false},"featured_media":9757,"comment_status":"closed","ping_status":"closed","template":"","meta":[],"product_brand":[331],"product_cat":[73,91],"product_tag":[],"class_list":{"0":"post-9765","1":"product","2":"type-product","3":"status-publish","4":"has-post-thumbnail","6":"product_brand-orca","7":"product_cat-equipment","8":"product_cat-snorkel","10":"first","11":"instock","12":"shipping-taxable","13":"purchasable","14":"product-type-variable"},"_links":{"self":[{"href":"https:\/\/natation.ch\/de\/wp-json\/wp\/v2\/product\/9765","targetHints":{"allow":["GET"]}}],"collection":[{"href":"https:\/\/natation.ch\/de\/wp-json\/wp\/v2\/product"}],"about":[{"href":"https:\/\/natation.ch\/de\/wp-json\/wp\/v2\/types\/product"}],"replies":[{"embeddable":true,"href":"https:\/\/natation.ch\/de\/wp-json\/wp\/v2\/comments?post=9765"}],"wp:featuredmedia":[{"embeddable":true,"href":"https:\/\/natation.ch\/de\/wp-json\/wp\/v2\/media\/9757"}],"wp:attachment":[{"href":"https:\/\/natation.ch\/de\/wp-json\/wp\/v2\/media?parent=9765"}],"wp:term":[{"taxonomy":"product_brand","embeddable":true,"href":"https:\/\/natation.ch\/de\/wp-json\/wp\/v2\/product_brand?post=9765"},{"taxonomy":"product_cat","embeddable":true,"href":"https:\/\/natation.ch\/de\/wp-json\/wp\/v2\/product_cat?post=9765"},{"taxonomy":"product_tag","embeddable":true,"href":"https:\/\/natation.ch\/de\/wp-json\/wp\/v2\/product_tag?post=9765"}],"curies":[{"name":"wp","href":"https:\/\/api.w.org\/{rel}","templated":true}]}}