{"id":9745,"date":"2025-11-22T14:49:53","date_gmt":"2025-11-22T14:49:53","guid":{"rendered":"https:\/\/natation.ch\/product\/killa-speed-goggle\/"},"modified":"2026-01-06T14:45:57","modified_gmt":"2026-01-06T14:45:57","slug":"killa-speed-goggle","status":"publish","type":"product","link":"https:\/\/natation.ch\/de\/produkt\/killa-speed-goggle\/","title":{"rendered":"Killa Speed Goggle"},"content":{"rendered":"<p>Wenn Sie eine flache, leichte, ergonomische Schwimmbrille f\u00fcr mehr Komfort und Geschwindigkeit im Wasser beim Kurzstreckenschwimmen oder Pooltraining suchen. Perfekte Glasoptionen f\u00fcr helle Sonnenlichtverh\u00e4ltnisse. Eine Reihe von Glasoptionen macht diese Schwimmbrille vielseitig f\u00fcr eine Reihe von Wetterbedingungen.<\/p>\n","protected":false},"excerpt":{"rendered":"<p>Wenn Sie eine flache, leichte, ergonomische Schwimmbrille f\u00fcr mehr Komfort und Geschwindigkeit im Wasser beim Kurzstreckenschwimmen oder Pooltraining suchen. Perfekte Glasoptionen f\u00fcr helle Sonnenlichtverh\u00e4ltnisse. Eine Reihe von Glasoptionen macht diese Schwimmbrille vielseitig f\u00fcr eine Reihe von Wetterbedingungen.<\/p>\n<p>Orca<\/p>\n","protected":false},"featured_media":246,"comment_status":"closed","ping_status":"closed","template":"","meta":[],"product_brand":[331],"product_cat":[73,76],"product_tag":[],"class_list":{"0":"post-9745","1":"product","2":"type-product","3":"status-publish","4":"has-post-thumbnail","6":"product_brand-orca","7":"product_cat-equipment","8":"product_cat-schwimbrille","10":"first","11":"instock","12":"shipping-taxable","13":"purchasable","14":"product-type-variable"},"_links":{"self":[{"href":"https:\/\/natation.ch\/de\/wp-json\/wp\/v2\/product\/9745","targetHints":{"allow":["GET"]}}],"collection":[{"href":"https:\/\/natation.ch\/de\/wp-json\/wp\/v2\/product"}],"about":[{"href":"https:\/\/natation.ch\/de\/wp-json\/wp\/v2\/types\/product"}],"replies":[{"embeddable":true,"href":"https:\/\/natation.ch\/de\/wp-json\/wp\/v2\/comments?post=9745"}],"wp:featuredmedia":[{"embeddable":true,"href":"https:\/\/natation.ch\/de\/wp-json\/wp\/v2\/media\/246"}],"wp:attachment":[{"href":"https:\/\/natation.ch\/de\/wp-json\/wp\/v2\/media?parent=9745"}],"wp:term":[{"taxonomy":"product_brand","embeddable":true,"href":"https:\/\/natation.ch\/de\/wp-json\/wp\/v2\/product_brand?post=9745"},{"taxonomy":"product_cat","embeddable":true,"href":"https:\/\/natation.ch\/de\/wp-json\/wp\/v2\/product_cat?post=9745"},{"taxonomy":"product_tag","embeddable":true,"href":"https:\/\/natation.ch\/de\/wp-json\/wp\/v2\/product_tag?post=9745"}],"curies":[{"name":"wp","href":"https:\/\/api.w.org\/{rel}","templated":true}]}}